{"id":6829,"date":"2022-10-04T09:59:32","date_gmt":"2022-10-04T08:59:32","guid":{"rendered":"https:\/\/www.kia.dk\/?page_id=6829"},"modified":"2025-09-29T08:14:02","modified_gmt":"2025-09-29T07:14:02","slug":"netvaerk-2","status":"publish","type":"page","link":"https:\/\/www.kia.dk\/en\/netvaerk-2\/","title":{"rendered":"Netv\u00e6rk"},"content":{"rendered":"<div id=\"pl-6829\"  class=\"panel-layout\" ><div id=\"pg-6829-0\"  class=\"panel-grid panel-has-style\" ><div class=\"siteorigin-panels-stretch panel-row-style panel-row-style-for-6829-0\" data-stretch-type=\"full\" ><div id=\"pgc-6829-0-0\"  class=\"panel-grid-cell\" ><div id=\"panel-6829-0-0-0\" class=\"so-panel widget widget_sow-hero panel-first-child panel-last-child\" data-index=\"0\" ><div class=\"panel-widget-style panel-widget-style-for-6829-0-0-0\" ><div\n\t\t\t\n\t\t\tclass=\"so-widget-sow-hero so-widget-sow-hero-default-ba1342997719-6829 so-widget-fittext-wrapper\"\n\t\t\t data-fit-text-compressor=\"0.9\"\n\t\t>\t\t\t\t<div class=\"sow-slider-base\" style=\"display: none\" tabindex=\"0\">\n\t\t\t\t\t<ul\n\t\t\t\t\tclass=\"sow-slider-images\"\n\t\t\t\t\tdata-settings=\"{&quot;pagination&quot;:true,&quot;speed&quot;:800,&quot;timeout&quot;:8000,&quot;paused&quot;:false,&quot;pause_on_hover&quot;:false,&quot;swipe&quot;:true,&quot;nav_always_show_desktop&quot;:&quot;&quot;,&quot;nav_always_show_mobile&quot;:&quot;&quot;,&quot;breakpoint&quot;:&quot;780px&quot;,&quot;unmute&quot;:false,&quot;anchor&quot;:null}\"\n\t\t\t\t\tstyle=\"min-height: 300px\"\t\t\t\t\tdata-anchor-id=\"\"\n\t\t\t\t>\t\t<li class=\"sow-slider-image  sow-slider-image-cover\" style=\"visibility: visible;;background-color: #333333;background-image: url(https:\/\/www.kia.dk\/wp-content\/uploads\/2022\/08\/2-faktor-godkendelse_web.jpg)\" >\n\t\t\t\t\t<div class=\"sow-slider-image-container\">\n\t\t\t<div class=\"sow-slider-image-wrapper\">\n\t\t\t\t<h1 style=\"text-align: center;color: #fff;font-size: 25px;line-height: 18px\"><b><i>Netv\u00e6rk<\/i><\/b><\/h1>\n<p style=\"text-align: center;color: #fff;padding: 0px;line-height: 18px\"><i>Et godt netv\u00e6rk er altid vigtig for en virksomheds v\u00e6kst<\/i><\/p>\n&nbsp;\n<div class=\"sow-hero-buttons\" style=\"text-align: center;color: #fff;padding: 0px;margin: 20px;font-size: 12px\"><div\n\t\t\t\n\t\t\tclass=\"so-widget-sow-button so-widget-sow-button-flat-9be1c8cfcdc1\"\n\t\t\t\n\t\t><div class=\"ow-button-base ow-button-align-center\"\n>\n\t\t\t<a\n\t\t\t\t\thref=\"https:\/\/www.kia.dk\/netvaerk-2\/#kontaktformular\"\n\t\t\t\t\tclass=\"sowb-button ow-icon-placement-left ow-button-hover\" \t>\n\t\t<span>\n\t\t\t\n\t\t\tJa tak, jeg vil gerne h\u00f8re mere om netv\u00e6rk\t\t<\/span>\n\t\t\t<\/a>\n\t<\/div>\n<\/div><\/div>\n&nbsp;\t\t\t<\/div>\n\t\t<\/div>\n\t\t\t\t<\/li>\n\t\t<\/ul>\t\t\t\t<ol class=\"sow-slider-pagination\">\n\t\t\t\t\t\t\t\t\t\t\t<li><a href=\"#\" data-goto=\"0\" aria-label=\"Display slide 1\"><\/a><\/li>\n\t\t\t\t\t\t\t\t\t<\/ol>\n\n\t\t\t\t<div class=\"sow-slide-nav sow-slide-nav-next\">\n\t\t\t\t\t<a href=\"#\" data-goto=\"next\" aria-label=\"Next slide\" data-action=\"next\">\n\t\t\t\t\t\t<em class=\"sow-sld-icon-ultra-thin-right\"><\/em>\n\t\t\t\t\t<\/a>\n\t\t\t\t<\/div>\n\n\t\t\t\t<div class=\"sow-slide-nav sow-slide-nav-prev\">\n\t\t\t\t\t<a href=\"#\" data-goto=\"previous\" aria-label=\"Previous slide\" data-action=\"prev\">\n\t\t\t\t\t\t<em class=\"sow-sld-icon-ultra-thin-left\"><\/em>\n\t\t\t\t\t<\/a>\n\t\t\t\t<\/div>\n\t\t\t\t<\/div><\/div><\/div><\/div><\/div><\/div><\/div><div id=\"pg-6829-1\"  class=\"panel-grid panel-no-style\" ><div id=\"pgc-6829-1-0\"  class=\"panel-grid-cell panel-grid-cell-empty\" ><\/div><\/div><div id=\"pg-6829-2\"  class=\"panel-grid panel-no-style\" ><div id=\"pgc-6829-2-0\"  class=\"panel-grid-cell\" ><div id=\"panel-6829-2-0-0\" class=\"so-panel widget widget_media_image panel-first-child panel-last-child\" data-index=\"1\" ><img loading=\"lazy\" decoding=\"async\" width=\"2560\" height=\"1709\" src=\"https:\/\/www.kia.dk\/wp-content\/uploads\/2022\/09\/netvaerk_1-scaled.jpg\" class=\"image wp-image-7617  attachment-full size-full\" alt=\"Netv\u00e6rk\" style=\"max-width: 100%; height: auto;\" srcset=\"https:\/\/www.kia.dk\/wp-content\/uploads\/2022\/09\/netvaerk_1-scaled.jpg 2560w, https:\/\/www.kia.dk\/wp-content\/uploads\/2022\/09\/netvaerk_1-400x267.jpg 400w, https:\/\/www.kia.dk\/wp-content\/uploads\/2022\/09\/netvaerk_1-1024x683.jpg 1024w, https:\/\/www.kia.dk\/wp-content\/uploads\/2022\/09\/netvaerk_1-768x513.jpg 768w, https:\/\/www.kia.dk\/wp-content\/uploads\/2022\/09\/netvaerk_1-1536x1025.jpg 1536w, https:\/\/www.kia.dk\/wp-content\/uploads\/2022\/09\/netvaerk_1-2048x1367.jpg 2048w, https:\/\/www.kia.dk\/wp-content\/uploads\/2022\/09\/netvaerk_1-272x182.jpg 272w\" sizes=\"auto, (max-width: 2560px) 100vw, 2560px\" \/><\/div><\/div><div id=\"pgc-6829-2-1\"  class=\"panel-grid-cell panel-grid-cell-mobile-last\" ><div id=\"panel-6829-2-1-0\" class=\"so-panel widget widget_sow-editor panel-first-child panel-last-child\" data-index=\"2\" ><div\n\t\t\t\n\t\t\tclass=\"so-widget-sow-editor so-widget-sow-editor-base\"\n\t\t\t\n\t\t>\n<div class=\"siteorigin-widget-tinymce textwidget\">\n\t<h2 style=\"color: #0072bb;\"><b>Ops\u00e6tning af netv\u00e6rk<\/b><\/h2>\n<p>Vi har stor erfaring med implementering af net til forskellige kunder. Vi r\u00e5der over et team af specialister i optimering, fejls\u00f8gning, design og etablering af netv\u00e6rk \u2013 b\u00e5de kablede og tr\u00e5dl\u00f8se. Vi har mange industrikunder, hvor der skal en s\u00e6rlig knowhow til.<\/p>\n<p>Vores kompetencer inden for opbygning og vedligeholdelse, er meget brede og omfatter blandt andet:<br \/>\n\u2022 Struktureret kabling, PDS<br \/>\n\u2022 Etablering af fiberoptiske net \u2013 fx til sammenkobling mellem administration og produktionsbygninger<br \/>\n\u2022 Etablering af tr\u00e5dl\u00f8s net<br \/>\n\u2022 Levering og ops\u00e6tning af aktiv udstyr<br \/>\n\u2022 Fejlfinding<br \/>\n\u2022 Netv\u00e6rkssikkerhed<\/p>\n<div class=\"sow-hero-buttons\" style=\"text-align: center; color: #fff; padding: 0px; margin: 0px; font-size: 12px; width: 55%;\">\n<div class=\"so-widget-sow-button so-widget-sow-button-flat-static\">\n<div class=\"ow-button-base ow-button-align-left\"><a class=\"ow-icon-placement-left ow-button-hover\" href=\"https:\/\/www.kia.dk\/netvaerk-2#kontaktformular\"><i>Ja tak, jeg vil gerne h\u00f8re mere om netv\u00e6rk<\/i><\/a><\/div>\n<\/div>\n<\/div>\n<\/div>\n<\/div><\/div><\/div><div id=\"pgc-6829-2-2\"  class=\"panel-grid-cell panel-grid-cell-empty\" ><\/div><\/div><div id=\"pg-6829-3\"  class=\"panel-grid panel-no-style\" ><div id=\"pgc-6829-3-0\"  class=\"panel-grid-cell panel-grid-cell-empty\" ><\/div><div id=\"pgc-6829-3-1\"  class=\"panel-grid-cell panel-grid-cell-empty panel-grid-cell-mobile-last\" ><\/div><div id=\"pgc-6829-3-2\"  class=\"panel-grid-cell panel-grid-cell-empty\" ><\/div><\/div><div id=\"pg-6829-4\"  class=\"panel-grid panel-no-style\" ><div id=\"pgc-6829-4-0\"  class=\"panel-grid-cell\" ><div id=\"panel-6829-4-0-0\" class=\"so-panel widget widget_sow-editor panel-first-child panel-last-child\" data-index=\"3\" ><div\n\t\t\t\n\t\t\tclass=\"so-widget-sow-editor so-widget-sow-editor-base\"\n\t\t\t\n\t\t>\n<div class=\"siteorigin-widget-tinymce textwidget\">\n\t<h2 style=\"color: #0072bb;\"><b>Vi ops\u00e6tter dit netv\u00e6rk uden problemer<\/b><\/h2>\n<p>Med vores specialister kan du v\u00e6re helt sikker p\u00e5 at dit net bliver opsat korrekt. Vi har samtidig fokus p\u00e5 sikkerheden og stabiliteten, s\u00e5 du kan arbejde effektivt uden afbrydelser.<\/p>\n<p>Vores l\u00f8sninger skaber overblik og sikkerhed for dit IT-udstyr og netv\u00e6rk.<\/p>\n<p>Hvis der skulle opst\u00e5 problemer, er vi altid til r\u00e5dighed og klar til at fejlfinde.<\/p>\n<div class=\"sow-hero-buttons\" style=\"text-align: center; color: #fff; padding: 0px; margin: 0px; font-size: 12px; width: 55%;\">\n<div class=\"so-widget-sow-button so-widget-sow-button-flat-static\">\n<div class=\"ow-button-base ow-button-align-left\"><a class=\"ow-icon-placement-left ow-button-hover\" href=\"https:\/\/www.kia.dk\/netvaerk-2#kontaktformular\"><i>Ja tak, jeg vil gerne vide mere om netv\u00e6rk<\/i><\/a><\/div>\n<\/div>\n<\/div>\n<\/div>\n<\/div><\/div><\/div><div id=\"pgc-6829-4-1\"  class=\"panel-grid-cell panel-grid-cell-mobile-last\" ><div id=\"panel-6829-4-1-0\" class=\"so-panel widget widget_media_image panel-first-child panel-last-child\" data-index=\"4\" ><img loading=\"lazy\" decoding=\"async\" width=\"2560\" height=\"1709\" src=\"https:\/\/www.kia.dk\/wp-content\/uploads\/2022\/09\/netvaerk_2-scaled.jpg\" class=\"image wp-image-7623  attachment-full size-full\" alt=\"Netv\u00e6rk\" style=\"max-width: 100%; height: auto;\" srcset=\"https:\/\/www.kia.dk\/wp-content\/uploads\/2022\/09\/netvaerk_2-scaled.jpg 2560w, https:\/\/www.kia.dk\/wp-content\/uploads\/2022\/09\/netvaerk_2-400x267.jpg 400w, https:\/\/www.kia.dk\/wp-content\/uploads\/2022\/09\/netvaerk_2-1024x683.jpg 1024w, https:\/\/www.kia.dk\/wp-content\/uploads\/2022\/09\/netvaerk_2-768x513.jpg 768w, https:\/\/www.kia.dk\/wp-content\/uploads\/2022\/09\/netvaerk_2-1536x1025.jpg 1536w, https:\/\/www.kia.dk\/wp-content\/uploads\/2022\/09\/netvaerk_2-2048x1367.jpg 2048w, https:\/\/www.kia.dk\/wp-content\/uploads\/2022\/09\/netvaerk_2-272x182.jpg 272w\" sizes=\"auto, (max-width: 2560px) 100vw, 2560px\" \/><\/div><\/div><div id=\"pgc-6829-4-2\"  class=\"panel-grid-cell panel-grid-cell-empty\" ><\/div><\/div><div id=\"pg-6829-5\"  class=\"panel-grid panel-no-style\" ><div id=\"pgc-6829-5-0\"  class=\"panel-grid-cell panel-grid-cell-empty\" ><\/div><div id=\"pgc-6829-5-1\"  class=\"panel-grid-cell panel-grid-cell-empty panel-grid-cell-mobile-last\" ><\/div><div id=\"pgc-6829-5-2\"  class=\"panel-grid-cell panel-grid-cell-empty\" ><\/div><\/div><div id=\"pg-6829-6\"  class=\"panel-grid panel-no-style\" ><div id=\"pgc-6829-6-0\"  class=\"panel-grid-cell\" ><div id=\"panel-6829-6-0-0\" class=\"so-panel widget widget_media_image panel-first-child panel-last-child\" data-index=\"5\" ><img loading=\"lazy\" decoding=\"async\" width=\"2560\" height=\"1672\" src=\"https:\/\/www.kia.dk\/wp-content\/uploads\/2022\/10\/overvaagning_netvaerk-1-scaled.jpg\" class=\"image wp-image-7647  attachment-full size-full\" alt=\"overv\u00e5gning netv\u00e6rk\" style=\"max-width: 100%; height: auto;\" srcset=\"https:\/\/www.kia.dk\/wp-content\/uploads\/2022\/10\/overvaagning_netvaerk-1-scaled.jpg 2560w, https:\/\/www.kia.dk\/wp-content\/uploads\/2022\/10\/overvaagning_netvaerk-1-400x261.jpg 400w, https:\/\/www.kia.dk\/wp-content\/uploads\/2022\/10\/overvaagning_netvaerk-1-1024x669.jpg 1024w, https:\/\/www.kia.dk\/wp-content\/uploads\/2022\/10\/overvaagning_netvaerk-1-768x501.jpg 768w, https:\/\/www.kia.dk\/wp-content\/uploads\/2022\/10\/overvaagning_netvaerk-1-1536x1003.jpg 1536w, https:\/\/www.kia.dk\/wp-content\/uploads\/2022\/10\/overvaagning_netvaerk-1-2048x1337.jpg 2048w\" sizes=\"auto, (max-width: 2560px) 100vw, 2560px\" \/><\/div><\/div><div id=\"pgc-6829-6-1\"  class=\"panel-grid-cell panel-grid-cell-mobile-last\" ><div id=\"panel-6829-6-1-0\" class=\"so-panel widget widget_sow-editor panel-first-child panel-last-child\" data-index=\"6\" ><div\n\t\t\t\n\t\t\tclass=\"so-widget-sow-editor so-widget-sow-editor-base\"\n\t\t\t\n\t\t>\n<div class=\"siteorigin-widget-tinymce textwidget\">\n\t<h2 style=\"color: #0072bb;\"><b>F\u00e5 den bedste sikkerhed med daglig netv\u00e6rksoverv\u00e5gning<\/b><\/h2>\n<p>Vi tilbyder daglig overv\u00e5gning af vores kunders net, for at v\u00e6re sikker p\u00e5, at sikkerheden er i orden. Ved at outsource denne del af din IT-l\u00f8sning, er du sikret den optimale service. Dette betyder, at du ikke selv skal bruge energi p\u00e5 at l\u00f8se de udfordringer der dukker op. Du frig\u00f8r en ressource der betyder, at du f\u00e5r mere tid til de vigtige fokusomr\u00e5der i dit firma.<\/p>\n<div class=\"sow-hero-buttons\" style=\"text-align: center; color: #fff; padding: 0px; margin: 0px; font-size: 12px; width: 55%;\">\n<div class=\"so-widget-sow-button so-widget-sow-button-flat-static\">\n<div class=\"ow-button-base ow-button-align-left\"><a class=\"ow-icon-placement-left ow-button-hover\" href=\"https:\/\/www.kia.dk\/it-outsourcing\"><i>Ja tak, jeg vil gerne vide mere om IT-outsourcing<\/i><\/a><\/div>\n<\/div>\n<\/div>\n<\/div>\n<\/div><\/div><\/div><div id=\"pgc-6829-6-2\"  class=\"panel-grid-cell panel-grid-cell-empty\" ><\/div><\/div><div id=\"pg-6829-7\"  class=\"panel-grid panel-no-style\" ><div id=\"pgc-6829-7-0\"  class=\"panel-grid-cell panel-grid-cell-empty\" ><\/div><div id=\"pgc-6829-7-1\"  class=\"panel-grid-cell panel-grid-cell-empty panel-grid-cell-mobile-last\" ><\/div><div id=\"pgc-6829-7-2\"  class=\"panel-grid-cell panel-grid-cell-empty\" ><\/div><\/div><div id=\"pg-6829-8\"  class=\"panel-grid panel-has-style\" ><div class=\"panel-row-style panel-row-style-for-6829-8\" ><div id=\"pgc-6829-8-0\"  class=\"panel-grid-cell panel-grid-cell-empty\" ><\/div><\/div><\/div><div id=\"pg-6829-9\"  class=\"panel-grid panel-has-style\" ><div class=\"panel-row-style panel-row-style-for-6829-9\" ><div id=\"pgc-6829-9-0\"  class=\"panel-grid-cell panel-grid-cell-empty panel-grid-cell-mobile-last\" ><\/div><div id=\"pgc-6829-9-1\"  class=\"panel-grid-cell panel-grid-cell-empty\" ><\/div><\/div><\/div><\/div>","protected":false},"excerpt":{"rendered":"<p>Netv\u00e6rk Et godt netv\u00e6rk er altid vigtig for en virksomheds v\u00e6kst &nbsp; Ja tak, jeg vil gerne h\u00f8re mere om netv\u00e6rk &nbsp; Ops\u00e6tning af netv\u00e6rk Vi har stor erfaring med implementering af net til forskellige kunder. Vi r\u00e5der over et&#8230;<\/p>\n","protected":false},"author":10,"featured_media":6807,"parent":0,"menu_order":0,"comment_status":"closed","ping_status":"closed","template":"contact-template-MAX-with-IT.php","meta":{"_acf_changed":false,"footnotes":""},"class_list":["post-6829","page","type-page","status-publish","has-post-thumbnail","hentry"],"acf":[],"yoast_head":"<!-- This site is optimized with the Yoast SEO plugin v27.3 - https:\/\/yoast.com\/product\/yoast-seo-wordpress\/ -->\r\n<title>Netv\u00e6rk - Et godt net er altid vigtigt for en virksomheds v\u00e6kst<\/title>\r\n<meta name=\"description\" content=\"Netv\u00e6rk er noget af det vigtigste i din virksomhed for at f\u00e5 en optimal dagligdag og en forbedret v\u00e6kst. Vi hj\u00e6lper dig p\u00e5 vej\" \/>\r\n<meta name=\"robots\" content=\"index, follow, max-snippet:-1, max-image-preview:large, max-video-preview:-1\" \/>\r\n<link rel=\"canonical\" href=\"https:\/\/www.kia.dk\/en\/netvaerk-2\/\" \/>\r\n<meta property=\"og:locale\" content=\"en_US\" \/>\r\n<meta property=\"og:type\" content=\"article\" \/>\r\n<meta property=\"og:title\" content=\"Netv\u00e6rk - Et godt net er altid vigtigt for en virksomheds v\u00e6kst\" \/>\r\n<meta property=\"og:description\" content=\"Netv\u00e6rk er noget af det vigtigste i din virksomhed for at f\u00e5 en optimal dagligdag og en forbedret v\u00e6kst. Vi hj\u00e6lper dig p\u00e5 vej\" \/>\r\n<meta property=\"og:url\" content=\"https:\/\/www.kia.dk\/en\/netvaerk-2\/\" \/>\r\n<meta property=\"og:site_name\" content=\"Kj\u00e6rgaard A\/S\" \/>\r\n<meta property=\"article:publisher\" content=\"https:\/\/www.facebook.com\/KjaergaardAS\" \/>\r\n<meta property=\"article:modified_time\" content=\"2025-09-29T07:14:02+00:00\" \/>\r\n<meta property=\"og:image\" content=\"https:\/\/www.kia.dk\/wp-content\/uploads\/2022\/08\/2-faktor-godkendelse_web.jpg\" \/>\r\n\t<meta property=\"og:image:width\" content=\"1196\" \/>\r\n\t<meta property=\"og:image:height\" content=\"332\" \/>\r\n\t<meta property=\"og:image:type\" content=\"image\/jpeg\" \/>\r\n<meta name=\"twitter:card\" content=\"summary_large_image\" \/>\r\n<meta name=\"twitter:label1\" content=\"Est. reading time\" \/>\n\t<meta name=\"twitter:data1\" content=\"3 minutes\" \/>\r\n<script type=\"application\/ld+json\" class=\"yoast-schema-graph\">{\"@context\":\"https:\\\/\\\/schema.org\",\"@graph\":[{\"@type\":\"WebPage\",\"@id\":\"https:\\\/\\\/www.kia.dk\\\/en\\\/netvaerk-2\\\/\",\"url\":\"https:\\\/\\\/www.kia.dk\\\/en\\\/netvaerk-2\\\/\",\"name\":\"Netv\u00e6rk - Et godt net er altid vigtigt for en virksomheds v\u00e6kst\",\"isPartOf\":{\"@id\":\"https:\\\/\\\/www.kia.dk\\\/en\\\/#website\"},\"primaryImageOfPage\":{\"@id\":\"https:\\\/\\\/www.kia.dk\\\/en\\\/netvaerk-2\\\/#primaryimage\"},\"image\":{\"@id\":\"https:\\\/\\\/www.kia.dk\\\/en\\\/netvaerk-2\\\/#primaryimage\"},\"thumbnailUrl\":\"https:\\\/\\\/www.kia.dk\\\/wp-content\\\/uploads\\\/2022\\\/08\\\/2-faktor-godkendelse_web.jpg\",\"datePublished\":\"2022-10-04T08:59:32+00:00\",\"dateModified\":\"2025-09-29T07:14:02+00:00\",\"description\":\"Netv\u00e6rk er noget af det vigtigste i din virksomhed for at f\u00e5 en optimal dagligdag og en forbedret v\u00e6kst. Vi hj\u00e6lper dig p\u00e5 vej\",\"breadcrumb\":{\"@id\":\"https:\\\/\\\/www.kia.dk\\\/en\\\/netvaerk-2\\\/#breadcrumb\"},\"inLanguage\":\"en-US\",\"potentialAction\":[{\"@type\":\"ReadAction\",\"target\":[\"https:\\\/\\\/www.kia.dk\\\/en\\\/netvaerk-2\\\/\"]}]},{\"@type\":\"ImageObject\",\"inLanguage\":\"en-US\",\"@id\":\"https:\\\/\\\/www.kia.dk\\\/en\\\/netvaerk-2\\\/#primaryimage\",\"url\":\"https:\\\/\\\/www.kia.dk\\\/wp-content\\\/uploads\\\/2022\\\/08\\\/2-faktor-godkendelse_web.jpg\",\"contentUrl\":\"https:\\\/\\\/www.kia.dk\\\/wp-content\\\/uploads\\\/2022\\\/08\\\/2-faktor-godkendelse_web.jpg\",\"width\":1196,\"height\":332,\"caption\":\"2-faktor godkendelse\"},{\"@type\":\"BreadcrumbList\",\"@id\":\"https:\\\/\\\/www.kia.dk\\\/en\\\/netvaerk-2\\\/#breadcrumb\",\"itemListElement\":[{\"@type\":\"ListItem\",\"position\":1,\"name\":\"Hjem\",\"item\":\"https:\\\/\\\/www.kia.dk\\\/en\\\/\"},{\"@type\":\"ListItem\",\"position\":2,\"name\":\"Netv\u00e6rk\"}]},{\"@type\":\"WebSite\",\"@id\":\"https:\\\/\\\/www.kia.dk\\\/en\\\/#website\",\"url\":\"https:\\\/\\\/www.kia.dk\\\/en\\\/\",\"name\":\"Kj\u00e6rgaard A\\\/S\",\"description\":\"\u2022 industriens innovative partner\",\"publisher\":{\"@id\":\"https:\\\/\\\/www.kia.dk\\\/en\\\/#organization\"},\"potentialAction\":[{\"@type\":\"SearchAction\",\"target\":{\"@type\":\"EntryPoint\",\"urlTemplate\":\"https:\\\/\\\/www.kia.dk\\\/en\\\/?s={search_term_string}\"},\"query-input\":{\"@type\":\"PropertyValueSpecification\",\"valueRequired\":true,\"valueName\":\"search_term_string\"}}],\"inLanguage\":\"en-US\"},{\"@type\":\"Organization\",\"@id\":\"https:\\\/\\\/www.kia.dk\\\/en\\\/#organization\",\"name\":\"Kj\u00e6rgaard A\\\/S\",\"url\":\"https:\\\/\\\/www.kia.dk\\\/en\\\/\",\"logo\":{\"@type\":\"ImageObject\",\"inLanguage\":\"en-US\",\"@id\":\"https:\\\/\\\/www.kia.dk\\\/en\\\/#\\\/schema\\\/logo\\\/image\\\/\",\"url\":\"https:\\\/\\\/www.kia.dk\\\/wp-content\\\/uploads\\\/2015\\\/10\\\/logo.png\",\"contentUrl\":\"https:\\\/\\\/www.kia.dk\\\/wp-content\\\/uploads\\\/2015\\\/10\\\/logo.png\",\"width\":204,\"height\":37,\"caption\":\"Kj\u00e6rgaard A\\\/S\"},\"image\":{\"@id\":\"https:\\\/\\\/www.kia.dk\\\/en\\\/#\\\/schema\\\/logo\\\/image\\\/\"},\"sameAs\":[\"https:\\\/\\\/www.facebook.com\\\/KjaergaardAS\",\"https:\\\/\\\/www.linkedin.com\\\/company\\\/kj-rgaard-a-s\",\"https:\\\/\\\/www.youtube.com\\\/user\\\/kiawebvideo\"]}]}<\/script>\r\n<!-- \/ Yoast SEO plugin. -->","yoast_head_json":{"title":"Netv\u00e6rk - Et godt net er altid vigtigt for en virksomheds v\u00e6kst","description":"Netv\u00e6rk er noget af det vigtigste i din virksomhed for at f\u00e5 en optimal dagligdag og en forbedret v\u00e6kst. Vi hj\u00e6lper dig p\u00e5 vej","robots":{"index":"index","follow":"follow","max-snippet":"max-snippet:-1","max-image-preview":"max-image-preview:large","max-video-preview":"max-video-preview:-1"},"canonical":"https:\/\/www.kia.dk\/en\/netvaerk-2\/","og_locale":"en_US","og_type":"article","og_title":"Netv\u00e6rk - Et godt net er altid vigtigt for en virksomheds v\u00e6kst","og_description":"Netv\u00e6rk er noget af det vigtigste i din virksomhed for at f\u00e5 en optimal dagligdag og en forbedret v\u00e6kst. Vi hj\u00e6lper dig p\u00e5 vej","og_url":"https:\/\/www.kia.dk\/en\/netvaerk-2\/","og_site_name":"Kj\u00e6rgaard A\/S","article_publisher":"https:\/\/www.facebook.com\/KjaergaardAS","article_modified_time":"2025-09-29T07:14:02+00:00","og_image":[{"width":1196,"height":332,"url":"https:\/\/www.kia.dk\/wp-content\/uploads\/2022\/08\/2-faktor-godkendelse_web.jpg","type":"image\/jpeg"}],"twitter_card":"summary_large_image","twitter_misc":{"Est. reading time":"3 minutes"},"schema":{"@context":"https:\/\/schema.org","@graph":[{"@type":"WebPage","@id":"https:\/\/www.kia.dk\/en\/netvaerk-2\/","url":"https:\/\/www.kia.dk\/en\/netvaerk-2\/","name":"Netv\u00e6rk - Et godt net er altid vigtigt for en virksomheds v\u00e6kst","isPartOf":{"@id":"https:\/\/www.kia.dk\/en\/#website"},"primaryImageOfPage":{"@id":"https:\/\/www.kia.dk\/en\/netvaerk-2\/#primaryimage"},"image":{"@id":"https:\/\/www.kia.dk\/en\/netvaerk-2\/#primaryimage"},"thumbnailUrl":"https:\/\/www.kia.dk\/wp-content\/uploads\/2022\/08\/2-faktor-godkendelse_web.jpg","datePublished":"2022-10-04T08:59:32+00:00","dateModified":"2025-09-29T07:14:02+00:00","description":"Netv\u00e6rk er noget af det vigtigste i din virksomhed for at f\u00e5 en optimal dagligdag og en forbedret v\u00e6kst. Vi hj\u00e6lper dig p\u00e5 vej","breadcrumb":{"@id":"https:\/\/www.kia.dk\/en\/netvaerk-2\/#breadcrumb"},"inLanguage":"en-US","potentialAction":[{"@type":"ReadAction","target":["https:\/\/www.kia.dk\/en\/netvaerk-2\/"]}]},{"@type":"ImageObject","inLanguage":"en-US","@id":"https:\/\/www.kia.dk\/en\/netvaerk-2\/#primaryimage","url":"https:\/\/www.kia.dk\/wp-content\/uploads\/2022\/08\/2-faktor-godkendelse_web.jpg","contentUrl":"https:\/\/www.kia.dk\/wp-content\/uploads\/2022\/08\/2-faktor-godkendelse_web.jpg","width":1196,"height":332,"caption":"2-faktor godkendelse"},{"@type":"BreadcrumbList","@id":"https:\/\/www.kia.dk\/en\/netvaerk-2\/#breadcrumb","itemListElement":[{"@type":"ListItem","position":1,"name":"Hjem","item":"https:\/\/www.kia.dk\/en\/"},{"@type":"ListItem","position":2,"name":"Netv\u00e6rk"}]},{"@type":"WebSite","@id":"https:\/\/www.kia.dk\/en\/#website","url":"https:\/\/www.kia.dk\/en\/","name":"Kj\u00e6rgaard A\/S","description":"\u2022 industriens innovative partner","publisher":{"@id":"https:\/\/www.kia.dk\/en\/#organization"},"potentialAction":[{"@type":"SearchAction","target":{"@type":"EntryPoint","urlTemplate":"https:\/\/www.kia.dk\/en\/?s={search_term_string}"},"query-input":{"@type":"PropertyValueSpecification","valueRequired":true,"valueName":"search_term_string"}}],"inLanguage":"en-US"},{"@type":"Organization","@id":"https:\/\/www.kia.dk\/en\/#organization","name":"Kj\u00e6rgaard A\/S","url":"https:\/\/www.kia.dk\/en\/","logo":{"@type":"ImageObject","inLanguage":"en-US","@id":"https:\/\/www.kia.dk\/en\/#\/schema\/logo\/image\/","url":"https:\/\/www.kia.dk\/wp-content\/uploads\/2015\/10\/logo.png","contentUrl":"https:\/\/www.kia.dk\/wp-content\/uploads\/2015\/10\/logo.png","width":204,"height":37,"caption":"Kj\u00e6rgaard A\/S"},"image":{"@id":"https:\/\/www.kia.dk\/en\/#\/schema\/logo\/image\/"},"sameAs":["https:\/\/www.facebook.com\/KjaergaardAS","https:\/\/www.linkedin.com\/company\/kj-rgaard-a-s","https:\/\/www.youtube.com\/user\/kiawebvideo"]}]}},"_links":{"self":[{"href":"https:\/\/www.kia.dk\/en\/wp-json\/wp\/v2\/pages\/6829","targetHints":{"allow":["GET"]}}],"collection":[{"href":"https:\/\/www.kia.dk\/en\/wp-json\/wp\/v2\/pages"}],"about":[{"href":"https:\/\/www.kia.dk\/en\/wp-json\/wp\/v2\/types\/page"}],"author":[{"embeddable":true,"href":"https:\/\/www.kia.dk\/en\/wp-json\/wp\/v2\/users\/10"}],"replies":[{"embeddable":true,"href":"https:\/\/www.kia.dk\/en\/wp-json\/wp\/v2\/comments?post=6829"}],"version-history":[{"count":2,"href":"https:\/\/www.kia.dk\/en\/wp-json\/wp\/v2\/pages\/6829\/revisions"}],"predecessor-version":[{"id":9739,"href":"https:\/\/www.kia.dk\/en\/wp-json\/wp\/v2\/pages\/6829\/revisions\/9739"}],"wp:featuredmedia":[{"embeddable":true,"href":"https:\/\/www.kia.dk\/en\/wp-json\/wp\/v2\/media\/6807"}],"wp:attachment":[{"href":"https:\/\/www.kia.dk\/en\/wp-json\/wp\/v2\/media?parent=6829"}],"curies":[{"name":"wp","href":"https:\/\/api.w.org\/{rel}","templated":true}]}}