{"id":7037,"date":"2022-09-02T09:14:27","date_gmt":"2022-09-02T08:14:27","guid":{"rendered":"https:\/\/www.kia.dk\/?page_id=7037"},"modified":"2025-09-29T08:07:49","modified_gmt":"2025-09-29T07:07:49","slug":"videokonference","status":"publish","type":"page","link":"https:\/\/www.kia.dk\/en\/videokonference\/","title":{"rendered":"Videokonference"},"content":{"rendered":"<div id=\"pl-7037\"  class=\"panel-layout\" ><div id=\"pg-7037-0\"  class=\"panel-grid panel-has-style\" ><div class=\"siteorigin-panels-stretch panel-row-style panel-row-style-for-7037-0\" data-stretch-type=\"full\" ><div id=\"pgc-7037-0-0\"  class=\"panel-grid-cell\" ><div id=\"panel-7037-0-0-0\" class=\"so-panel widget widget_sow-hero panel-first-child panel-last-child\" data-index=\"0\" ><div class=\"panel-widget-style panel-widget-style-for-7037-0-0-0\" ><div\n\t\t\t\n\t\t\tclass=\"so-widget-sow-hero so-widget-sow-hero-default-ba1342997719-7037 so-widget-fittext-wrapper\"\n\t\t\t data-fit-text-compressor=\"0.9\"\n\t\t>\t\t\t\t<div class=\"sow-slider-base\" style=\"display: none\" tabindex=\"0\">\n\t\t\t\t\t<ul\n\t\t\t\t\tclass=\"sow-slider-images\"\n\t\t\t\t\tdata-settings=\"{&quot;pagination&quot;:true,&quot;speed&quot;:800,&quot;timeout&quot;:8000,&quot;paused&quot;:false,&quot;pause_on_hover&quot;:false,&quot;swipe&quot;:true,&quot;nav_always_show_desktop&quot;:&quot;&quot;,&quot;nav_always_show_mobile&quot;:&quot;&quot;,&quot;breakpoint&quot;:&quot;780px&quot;,&quot;unmute&quot;:false,&quot;anchor&quot;:null}\"\n\t\t\t\t\tstyle=\"min-height: 300px\"\t\t\t\t\tdata-anchor-id=\"\"\n\t\t\t\t>\t\t<li class=\"sow-slider-image  sow-slider-image-cover\" style=\"visibility: visible;;background-color: #333333;background-image: url(https:\/\/www.kia.dk\/wp-content\/uploads\/2022\/08\/konferencekald.jpg)\" >\n\t\t\t\t\t<div class=\"sow-slider-image-container\">\n\t\t\t<div class=\"sow-slider-image-wrapper\">\n\t\t\t\t<h1 style=\"text-align: center;color: #fff;font-size: 25px;line-height: 18px\"><b><i>Videokonference<\/i><\/b><\/h1>\n<p style=\"text-align: center;color: #fff;padding: 0px;line-height: 18px\"><i>Spar tid og ressourcer n\u00e5r du holder online m\u00f8der med dine kollegaer og kunder<\/i><\/p>\n&nbsp;\n<div class=\"sow-hero-buttons\" style=\"text-align: center;color: #fff;padding: 0px;margin: 20px;font-size: 12px\"><div\n\t\t\t\n\t\t\tclass=\"so-widget-sow-button so-widget-sow-button-flat-9be1c8cfcdc1\"\n\t\t\t\n\t\t><div class=\"ow-button-base ow-button-align-center\"\n>\n\t\t\t<a\n\t\t\t\t\thref=\"https:\/\/www.kia.dk\/konferencekald-2\/#kontaktformular\"\n\t\t\t\t\tclass=\"sowb-button ow-icon-placement-left ow-button-hover\" \t>\n\t\t<span>\n\t\t\t\n\t\t\tJa tak, jeg vil gerne h\u00f8re mere om konferencekald\t\t<\/span>\n\t\t\t<\/a>\n\t<\/div>\n<\/div><\/div>\n&nbsp;\t\t\t<\/div>\n\t\t<\/div>\n\t\t\t\t<\/li>\n\t\t<\/ul>\t\t\t\t<ol class=\"sow-slider-pagination\">\n\t\t\t\t\t\t\t\t\t\t\t<li><a href=\"#\" data-goto=\"0\" aria-label=\"Display slide 1\"><\/a><\/li>\n\t\t\t\t\t\t\t\t\t<\/ol>\n\n\t\t\t\t<div class=\"sow-slide-nav sow-slide-nav-next\">\n\t\t\t\t\t<a href=\"#\" data-goto=\"next\" aria-label=\"Next slide\" data-action=\"next\">\n\t\t\t\t\t\t<em class=\"sow-sld-icon-ultra-thin-right\"><\/em>\n\t\t\t\t\t<\/a>\n\t\t\t\t<\/div>\n\n\t\t\t\t<div class=\"sow-slide-nav sow-slide-nav-prev\">\n\t\t\t\t\t<a href=\"#\" data-goto=\"previous\" aria-label=\"Previous slide\" data-action=\"prev\">\n\t\t\t\t\t\t<em class=\"sow-sld-icon-ultra-thin-left\"><\/em>\n\t\t\t\t\t<\/a>\n\t\t\t\t<\/div>\n\t\t\t\t<\/div><\/div><\/div><\/div><\/div><\/div><\/div><div id=\"pg-7037-1\"  class=\"panel-grid panel-no-style\" ><div id=\"pgc-7037-1-0\"  class=\"panel-grid-cell panel-grid-cell-empty\" ><\/div><\/div><div id=\"pg-7037-2\"  class=\"panel-grid panel-no-style\" ><div id=\"pgc-7037-2-0\"  class=\"panel-grid-cell\" ><div id=\"panel-7037-2-0-0\" class=\"so-panel widget widget_media_image panel-first-child panel-last-child\" data-index=\"1\" ><img loading=\"lazy\" decoding=\"async\" width=\"2560\" height=\"1709\" src=\"https:\/\/www.kia.dk\/wp-content\/uploads\/2022\/08\/konferencekald_1-scaled.jpg\" class=\"image wp-image-7052  attachment-full size-full\" alt=\"konferencekald videokonference online m\u00f8der Kj\u00e6rgaard\" style=\"max-width: 100%; height: auto;\" srcset=\"https:\/\/www.kia.dk\/wp-content\/uploads\/2022\/08\/konferencekald_1-scaled.jpg 2560w, https:\/\/www.kia.dk\/wp-content\/uploads\/2022\/08\/konferencekald_1-400x267.jpg 400w, https:\/\/www.kia.dk\/wp-content\/uploads\/2022\/08\/konferencekald_1-1024x683.jpg 1024w, https:\/\/www.kia.dk\/wp-content\/uploads\/2022\/08\/konferencekald_1-768x513.jpg 768w, https:\/\/www.kia.dk\/wp-content\/uploads\/2022\/08\/konferencekald_1-1536x1025.jpg 1536w, https:\/\/www.kia.dk\/wp-content\/uploads\/2022\/08\/konferencekald_1-2048x1367.jpg 2048w, https:\/\/www.kia.dk\/wp-content\/uploads\/2022\/08\/konferencekald_1-272x182.jpg 272w\" sizes=\"auto, (max-width: 2560px) 100vw, 2560px\" \/><\/div><\/div><div id=\"pgc-7037-2-1\"  class=\"panel-grid-cell panel-grid-cell-mobile-last\" ><div id=\"panel-7037-2-1-0\" class=\"so-panel widget widget_sow-editor panel-first-child panel-last-child\" data-index=\"2\" ><div\n\t\t\t\n\t\t\tclass=\"so-widget-sow-editor so-widget-sow-editor-base\"\n\t\t\t\n\t\t>\n<div class=\"siteorigin-widget-tinymce textwidget\">\n\t<h2 style=\"color: #0072bb;\"><b>Hold effektive online m\u00f8der med videokonference<\/b><\/h2>\n<p>Videokonference er en nem, effektiv, milj\u00f8rigtig og ikke mindst billig m\u00e5de at m\u00f8des p\u00e5, og med nogle f\u00e5 klik kan du indkalde dine m\u00f8dedeltagere fra hele verden til et videom\u00f8de, der muligg\u00f8r direkte kommunikation med kolleger, kunder og samarbejdspartnere over store geografiske afstande.<\/p>\n<p>Videokonferencer er en prisgunstig l\u00f8sning i forhold til de rejseomkostninger og den tid, der normalt er forbundet med m\u00f8der i ind- og udland. For virksomheden med flere afdelinger er videokonferencer ogs\u00e5 ideelle til alle former for interne informationsm\u00f8der. Videokonferencer er en professionel kommunikationsform, der er yderst relevant for den omkostningsbevidste og ikke mindst milj\u00f8bevidste virksomhed.<\/p>\n<p>Kj\u00e6rgaard leverer al den hardware og software, der er n\u00f8dvendig for at afholde professionelle videokonferencer med udveksling af filer, pr\u00e6sentationer og live video.<\/p>\n<div class=\"sow-hero-buttons\" style=\"text-align: center; color: #fff; padding: 0px; margin: 0px; font-size: 12px; width: 55%;\">\n<div class=\"so-widget-sow-button so-widget-sow-button-flat-static\">\n<div class=\"ow-button-base ow-button-align-left\"><a class=\"ow-icon-placement-left ow-button-hover\" href=\"https:\/\/www.kia.dk\/konferencekald-2\/#kontaktformular\"><i>Ja tak, jeg vil gerne h\u00f8re mere om konferencekald<\/i><\/a><\/div>\n<\/div>\n<\/div>\n<\/div>\n<\/div><\/div><\/div><div id=\"pgc-7037-2-2\"  class=\"panel-grid-cell panel-grid-cell-empty\" ><\/div><\/div><div id=\"pg-7037-3\"  class=\"panel-grid panel-no-style\" ><div id=\"pgc-7037-3-0\"  class=\"panel-grid-cell panel-grid-cell-empty\" ><\/div><div id=\"pgc-7037-3-1\"  class=\"panel-grid-cell panel-grid-cell-empty panel-grid-cell-mobile-last\" ><\/div><div id=\"pgc-7037-3-2\"  class=\"panel-grid-cell panel-grid-cell-empty\" ><\/div><\/div><div id=\"pg-7037-4\"  class=\"panel-grid panel-has-style\" ><div class=\"panel-row-style panel-row-style-for-7037-4\" ><div id=\"pgc-7037-4-0\"  class=\"panel-grid-cell panel-grid-cell-empty\" ><\/div><\/div><\/div><div id=\"pg-7037-5\"  class=\"panel-grid panel-has-style\" ><div class=\"panel-row-style panel-row-style-for-7037-5\" ><div id=\"pgc-7037-5-0\"  class=\"panel-grid-cell panel-grid-cell-empty panel-grid-cell-mobile-last\" ><\/div><div id=\"pgc-7037-5-1\"  class=\"panel-grid-cell panel-grid-cell-empty\" ><\/div><\/div><\/div><\/div>","protected":false},"excerpt":{"rendered":"<p>Videokonference Spar tid og ressourcer n\u00e5r du holder online m\u00f8der med dine kollegaer og kunder &nbsp; Ja tak, jeg vil gerne h\u00f8re mere om konferencekald &nbsp; Hold effektive online m\u00f8der med videokonference Videokonference er en nem, effektiv, milj\u00f8rigtig og ikke&#8230;<\/p>\n","protected":false},"author":10,"featured_media":7048,"parent":0,"menu_order":0,"comment_status":"closed","ping_status":"closed","template":"contact-template-MAX-with-IT.php","meta":{"_acf_changed":false,"footnotes":""},"class_list":["post-7037","page","type-page","status-publish","has-post-thumbnail","hentry"],"acf":[],"yoast_head":"<!-- This site is optimized with the Yoast SEO plugin v27.5 - https:\/\/yoast.com\/product\/yoast-seo-wordpress\/ -->\r\n<title>Videokonference - online m\u00f8der med v\u00e6rdi<\/title>\r\n<meta name=\"description\" content=\"Videokonference er en nem, effektiv, milj\u00f8rigtig og ikke mindst billig m\u00e5de at m\u00f8des p\u00e5. samt en prisgunstig l\u00f8sning\" \/>\r\n<meta name=\"robots\" content=\"index, follow, max-snippet:-1, max-image-preview:large, max-video-preview:-1\" \/>\r\n<link rel=\"canonical\" href=\"https:\/\/www.kia.dk\/en\/videokonference\/\" \/>\r\n<meta property=\"og:locale\" content=\"en_US\" \/>\r\n<meta property=\"og:type\" content=\"article\" \/>\r\n<meta property=\"og:title\" content=\"Videokonference - online m\u00f8der med v\u00e6rdi\" \/>\r\n<meta property=\"og:description\" content=\"Videokonference er en nem, effektiv, milj\u00f8rigtig og ikke mindst billig m\u00e5de at m\u00f8des p\u00e5. samt en prisgunstig l\u00f8sning\" \/>\r\n<meta property=\"og:url\" content=\"https:\/\/www.kia.dk\/en\/videokonference\/\" \/>\r\n<meta property=\"og:site_name\" content=\"Kj\u00e6rgaard A\/S\" \/>\r\n<meta property=\"article:publisher\" content=\"https:\/\/www.facebook.com\/KjaergaardAS\" \/>\r\n<meta property=\"article:modified_time\" content=\"2025-09-29T07:07:49+00:00\" \/>\r\n<meta property=\"og:image\" content=\"https:\/\/www.kia.dk\/wp-content\/uploads\/2022\/08\/konferencekald.jpg\" \/>\r\n\t<meta property=\"og:image:width\" content=\"1196\" \/>\r\n\t<meta property=\"og:image:height\" content=\"332\" \/>\r\n\t<meta property=\"og:image:type\" content=\"image\/jpeg\" \/>\r\n<meta name=\"twitter:card\" content=\"summary_large_image\" \/>\r\n<meta name=\"twitter:label1\" content=\"Est. reading time\" \/>\n\t<meta name=\"twitter:data1\" content=\"2 minutes\" \/>\r\n<script type=\"application\/ld+json\" class=\"yoast-schema-graph\">{\"@context\":\"https:\\\/\\\/schema.org\",\"@graph\":[{\"@type\":\"WebPage\",\"@id\":\"https:\\\/\\\/www.kia.dk\\\/en\\\/videokonference\\\/\",\"url\":\"https:\\\/\\\/www.kia.dk\\\/en\\\/videokonference\\\/\",\"name\":\"Videokonference - online m\u00f8der med v\u00e6rdi\",\"isPartOf\":{\"@id\":\"https:\\\/\\\/www.kia.dk\\\/en\\\/#website\"},\"primaryImageOfPage\":{\"@id\":\"https:\\\/\\\/www.kia.dk\\\/en\\\/videokonference\\\/#primaryimage\"},\"image\":{\"@id\":\"https:\\\/\\\/www.kia.dk\\\/en\\\/videokonference\\\/#primaryimage\"},\"thumbnailUrl\":\"https:\\\/\\\/www.kia.dk\\\/wp-content\\\/uploads\\\/2022\\\/08\\\/konferencekald.jpg\",\"datePublished\":\"2022-09-02T08:14:27+00:00\",\"dateModified\":\"2025-09-29T07:07:49+00:00\",\"description\":\"Videokonference er en nem, effektiv, milj\u00f8rigtig og ikke mindst billig m\u00e5de at m\u00f8des p\u00e5. samt en prisgunstig l\u00f8sning\",\"breadcrumb\":{\"@id\":\"https:\\\/\\\/www.kia.dk\\\/en\\\/videokonference\\\/#breadcrumb\"},\"inLanguage\":\"en-US\",\"potentialAction\":[{\"@type\":\"ReadAction\",\"target\":[\"https:\\\/\\\/www.kia.dk\\\/en\\\/videokonference\\\/\"]}]},{\"@type\":\"ImageObject\",\"inLanguage\":\"en-US\",\"@id\":\"https:\\\/\\\/www.kia.dk\\\/en\\\/videokonference\\\/#primaryimage\",\"url\":\"https:\\\/\\\/www.kia.dk\\\/wp-content\\\/uploads\\\/2022\\\/08\\\/konferencekald.jpg\",\"contentUrl\":\"https:\\\/\\\/www.kia.dk\\\/wp-content\\\/uploads\\\/2022\\\/08\\\/konferencekald.jpg\",\"width\":1196,\"height\":332,\"caption\":\"Videokonference online m\u00f8der konferencekald\"},{\"@type\":\"BreadcrumbList\",\"@id\":\"https:\\\/\\\/www.kia.dk\\\/en\\\/videokonference\\\/#breadcrumb\",\"itemListElement\":[{\"@type\":\"ListItem\",\"position\":1,\"name\":\"Hjem\",\"item\":\"https:\\\/\\\/www.kia.dk\\\/en\\\/\"},{\"@type\":\"ListItem\",\"position\":2,\"name\":\"Videokonference\"}]},{\"@type\":\"WebSite\",\"@id\":\"https:\\\/\\\/www.kia.dk\\\/en\\\/#website\",\"url\":\"https:\\\/\\\/www.kia.dk\\\/en\\\/\",\"name\":\"Kj\u00e6rgaard A\\\/S\",\"description\":\"\u2022 industriens innovative partner\",\"publisher\":{\"@id\":\"https:\\\/\\\/www.kia.dk\\\/en\\\/#organization\"},\"potentialAction\":[{\"@type\":\"SearchAction\",\"target\":{\"@type\":\"EntryPoint\",\"urlTemplate\":\"https:\\\/\\\/www.kia.dk\\\/en\\\/?s={search_term_string}\"},\"query-input\":{\"@type\":\"PropertyValueSpecification\",\"valueRequired\":true,\"valueName\":\"search_term_string\"}}],\"inLanguage\":\"en-US\"},{\"@type\":\"Organization\",\"@id\":\"https:\\\/\\\/www.kia.dk\\\/en\\\/#organization\",\"name\":\"Kj\u00e6rgaard A\\\/S\",\"url\":\"https:\\\/\\\/www.kia.dk\\\/en\\\/\",\"logo\":{\"@type\":\"ImageObject\",\"inLanguage\":\"en-US\",\"@id\":\"https:\\\/\\\/www.kia.dk\\\/en\\\/#\\\/schema\\\/logo\\\/image\\\/\",\"url\":\"https:\\\/\\\/www.kia.dk\\\/wp-content\\\/uploads\\\/2015\\\/10\\\/logo.png\",\"contentUrl\":\"https:\\\/\\\/www.kia.dk\\\/wp-content\\\/uploads\\\/2015\\\/10\\\/logo.png\",\"width\":204,\"height\":37,\"caption\":\"Kj\u00e6rgaard A\\\/S\"},\"image\":{\"@id\":\"https:\\\/\\\/www.kia.dk\\\/en\\\/#\\\/schema\\\/logo\\\/image\\\/\"},\"sameAs\":[\"https:\\\/\\\/www.facebook.com\\\/KjaergaardAS\",\"https:\\\/\\\/www.linkedin.com\\\/company\\\/kj-rgaard-a-s\",\"https:\\\/\\\/www.youtube.com\\\/user\\\/kiawebvideo\"]}]}<\/script>\r\n<!-- \/ Yoast SEO plugin. -->","yoast_head_json":{"title":"Videokonference - online m\u00f8der med v\u00e6rdi","description":"Videokonference er en nem, effektiv, milj\u00f8rigtig og ikke mindst billig m\u00e5de at m\u00f8des p\u00e5. samt en prisgunstig l\u00f8sning","robots":{"index":"index","follow":"follow","max-snippet":"max-snippet:-1","max-image-preview":"max-image-preview:large","max-video-preview":"max-video-preview:-1"},"canonical":"https:\/\/www.kia.dk\/en\/videokonference\/","og_locale":"en_US","og_type":"article","og_title":"Videokonference - online m\u00f8der med v\u00e6rdi","og_description":"Videokonference er en nem, effektiv, milj\u00f8rigtig og ikke mindst billig m\u00e5de at m\u00f8des p\u00e5. samt en prisgunstig l\u00f8sning","og_url":"https:\/\/www.kia.dk\/en\/videokonference\/","og_site_name":"Kj\u00e6rgaard A\/S","article_publisher":"https:\/\/www.facebook.com\/KjaergaardAS","article_modified_time":"2025-09-29T07:07:49+00:00","og_image":[{"width":1196,"height":332,"url":"https:\/\/www.kia.dk\/wp-content\/uploads\/2022\/08\/konferencekald.jpg","type":"image\/jpeg"}],"twitter_card":"summary_large_image","twitter_misc":{"Est. reading time":"2 minutes"},"schema":{"@context":"https:\/\/schema.org","@graph":[{"@type":"WebPage","@id":"https:\/\/www.kia.dk\/en\/videokonference\/","url":"https:\/\/www.kia.dk\/en\/videokonference\/","name":"Videokonference - online m\u00f8der med v\u00e6rdi","isPartOf":{"@id":"https:\/\/www.kia.dk\/en\/#website"},"primaryImageOfPage":{"@id":"https:\/\/www.kia.dk\/en\/videokonference\/#primaryimage"},"image":{"@id":"https:\/\/www.kia.dk\/en\/videokonference\/#primaryimage"},"thumbnailUrl":"https:\/\/www.kia.dk\/wp-content\/uploads\/2022\/08\/konferencekald.jpg","datePublished":"2022-09-02T08:14:27+00:00","dateModified":"2025-09-29T07:07:49+00:00","description":"Videokonference er en nem, effektiv, milj\u00f8rigtig og ikke mindst billig m\u00e5de at m\u00f8des p\u00e5. samt en prisgunstig l\u00f8sning","breadcrumb":{"@id":"https:\/\/www.kia.dk\/en\/videokonference\/#breadcrumb"},"inLanguage":"en-US","potentialAction":[{"@type":"ReadAction","target":["https:\/\/www.kia.dk\/en\/videokonference\/"]}]},{"@type":"ImageObject","inLanguage":"en-US","@id":"https:\/\/www.kia.dk\/en\/videokonference\/#primaryimage","url":"https:\/\/www.kia.dk\/wp-content\/uploads\/2022\/08\/konferencekald.jpg","contentUrl":"https:\/\/www.kia.dk\/wp-content\/uploads\/2022\/08\/konferencekald.jpg","width":1196,"height":332,"caption":"Videokonference online m\u00f8der konferencekald"},{"@type":"BreadcrumbList","@id":"https:\/\/www.kia.dk\/en\/videokonference\/#breadcrumb","itemListElement":[{"@type":"ListItem","position":1,"name":"Hjem","item":"https:\/\/www.kia.dk\/en\/"},{"@type":"ListItem","position":2,"name":"Videokonference"}]},{"@type":"WebSite","@id":"https:\/\/www.kia.dk\/en\/#website","url":"https:\/\/www.kia.dk\/en\/","name":"Kj\u00e6rgaard A\/S","description":"\u2022 industriens innovative partner","publisher":{"@id":"https:\/\/www.kia.dk\/en\/#organization"},"potentialAction":[{"@type":"SearchAction","target":{"@type":"EntryPoint","urlTemplate":"https:\/\/www.kia.dk\/en\/?s={search_term_string}"},"query-input":{"@type":"PropertyValueSpecification","valueRequired":true,"valueName":"search_term_string"}}],"inLanguage":"en-US"},{"@type":"Organization","@id":"https:\/\/www.kia.dk\/en\/#organization","name":"Kj\u00e6rgaard A\/S","url":"https:\/\/www.kia.dk\/en\/","logo":{"@type":"ImageObject","inLanguage":"en-US","@id":"https:\/\/www.kia.dk\/en\/#\/schema\/logo\/image\/","url":"https:\/\/www.kia.dk\/wp-content\/uploads\/2015\/10\/logo.png","contentUrl":"https:\/\/www.kia.dk\/wp-content\/uploads\/2015\/10\/logo.png","width":204,"height":37,"caption":"Kj\u00e6rgaard A\/S"},"image":{"@id":"https:\/\/www.kia.dk\/en\/#\/schema\/logo\/image\/"},"sameAs":["https:\/\/www.facebook.com\/KjaergaardAS","https:\/\/www.linkedin.com\/company\/kj-rgaard-a-s","https:\/\/www.youtube.com\/user\/kiawebvideo"]}]}},"_links":{"self":[{"href":"https:\/\/www.kia.dk\/en\/wp-json\/wp\/v2\/pages\/7037","targetHints":{"allow":["GET"]}}],"collection":[{"href":"https:\/\/www.kia.dk\/en\/wp-json\/wp\/v2\/pages"}],"about":[{"href":"https:\/\/www.kia.dk\/en\/wp-json\/wp\/v2\/types\/page"}],"author":[{"embeddable":true,"href":"https:\/\/www.kia.dk\/en\/wp-json\/wp\/v2\/users\/10"}],"replies":[{"embeddable":true,"href":"https:\/\/www.kia.dk\/en\/wp-json\/wp\/v2\/comments?post=7037"}],"version-history":[{"count":2,"href":"https:\/\/www.kia.dk\/en\/wp-json\/wp\/v2\/pages\/7037\/revisions"}],"predecessor-version":[{"id":9729,"href":"https:\/\/www.kia.dk\/en\/wp-json\/wp\/v2\/pages\/7037\/revisions\/9729"}],"wp:featuredmedia":[{"embeddable":true,"href":"https:\/\/www.kia.dk\/en\/wp-json\/wp\/v2\/media\/7048"}],"wp:attachment":[{"href":"https:\/\/www.kia.dk\/en\/wp-json\/wp\/v2\/media?parent=7037"}],"curies":[{"name":"wp","href":"https:\/\/api.w.org\/{rel}","templated":true}]}}