{"id":8566,"date":"2024-08-21T08:16:24","date_gmt":"2024-08-21T07:16:24","guid":{"rendered":"https:\/\/www.kia.dk\/?page_id=8566"},"modified":"2024-08-22T07:59:40","modified_gmt":"2024-08-22T06:59:40","slug":"esg-rapport","status":"publish","type":"page","link":"https:\/\/www.kia.dk\/en\/kjaergaard\/esg-rapport\/","title":{"rendered":"ESG-rapport"},"content":{"rendered":"<h3><strong>F\u00e5 indsigt i vores praksis, fremskridt og m\u00e5l i vores ESG-rapport for 2023<\/strong><\/h3>\n<p>I f\u00e6llesskab kan vi innovere og tage ansvar \u2013 det lever vi efter i Kj\u00e6rgaard A\/S<\/p>\n<p><strong>Hvad er en ESG-rapport?<\/strong><\/p>\n<p>En ESG-rapport er en forkortelse for Environmental, Social, and Governance-rapport. Vores ESG-rapport for 2023 indeholder n\u00f8gletal, der afspejler vores pr\u00e6stationer inden for b\u00e6redygtighed og ansvarlig forvaltning i det forgangne \u00e5r. Dette regnskab giver et hurtigt overblik over vores indsats for at fremme en positiv indvirkning p\u00e5 samfundet og milj\u00f8et.<\/p>\n<p><strong>Baggrunden for vores ESG-rapport<\/strong><\/p>\n<p>Denne ESG-rapport er udarbejdet for at reflektere vores forpligtelse til b\u00e6redygtighed og ansvarlig forvaltning. I en tid med stigende fokus p\u00e5 ESG-faktorer \u00f8nsker vi at give vores interessenter indsigt i vores praksis, fremskridt og m\u00e5l.<\/p>\n<div id=\"attachment_9237\" style=\"width: 431px\" class=\"wp-caption alignleft\"><a href=\"https:\/\/www.epaper.dk\/kgaard\/kj%C3%A6rgaard-esg-rapport-2023-final\/\" target=\"_blank\" rel=\"https:\/\/www.epaper.dk\/kgaard\/kj%C3%A6rgaard-esg-rapport-2022\/ noopener\"><img loading=\"lazy\" decoding=\"async\" aria-describedby=\"caption-attachment-9237\" class=\"wp-image-9237\" style=\"font-size: 16px;\" src=\"https:\/\/www.kia.dk\/wp-content\/uploads\/2024\/08\/ESG-2023-MockUp-forside-opslag-MED-BAGGRUND.jpg\" alt=\"\" width=\"421\" height=\"296\" srcset=\"https:\/\/www.kia.dk\/wp-content\/uploads\/2024\/08\/ESG-2023-MockUp-forside-opslag-MED-BAGGRUND.jpg 2362w, https:\/\/www.kia.dk\/wp-content\/uploads\/2024\/08\/ESG-2023-MockUp-forside-opslag-MED-BAGGRUND-400x281.jpg 400w, https:\/\/www.kia.dk\/wp-content\/uploads\/2024\/08\/ESG-2023-MockUp-forside-opslag-MED-BAGGRUND-1024x719.jpg 1024w, https:\/\/www.kia.dk\/wp-content\/uploads\/2024\/08\/ESG-2023-MockUp-forside-opslag-MED-BAGGRUND-768x539.jpg 768w, https:\/\/www.kia.dk\/wp-content\/uploads\/2024\/08\/ESG-2023-MockUp-forside-opslag-MED-BAGGRUND-1536x1079.jpg 1536w, https:\/\/www.kia.dk\/wp-content\/uploads\/2024\/08\/ESG-2023-MockUp-forside-opslag-MED-BAGGRUND-2048x1438.jpg 2048w\" sizes=\"auto, (max-width: 421px) 100vw, 421px\" \/><\/a><p id=\"caption-attachment-9237\" class=\"wp-caption-text\"><strong>Tryk p\u00e5 billedet for at l\u00e6se vores ESG-rapport<\/strong><\/p><\/div>\n<p>Det er vigtigt at bem\u00e6rke, at vi har prioriteret b\u00e6redygtighed og ansvarlighed, selv f\u00f8r det blev en branchestandard eller lovgivningsm\u00e6ssigt krav. Denne rapport er et udtryk for vores fortsatte engagement i at skabe en mere b\u00e6redygtig fremtid. B\u00e6redygtighed har v\u00e6ret en naturlig del af vores forretning i mange \u00e5r, da energioptimeringen kommer til udtryk via vores mange \u00e5rs arbejde i industrien. Vi, i Kj\u00e6rgaard A\/S, tager udgangspunkt i vores egen branche og de kompetencer, som vi har til r\u00e5dighed. Derfor valgte vi, i 2009, at overf\u00f8re vores knowhow til eget domicil. Bygningen er en almindelig kontorbygning, baseret p\u00e5 de samme teknologier, som vi har anvendt i industrien i mange \u00e5r. Kj\u00e6rgaard A\/S har turde investere og optimere ved at lave intelligent styring p\u00e5 alle elektriske systemer. Vi er glade for, at vi nu kan dokumentere vores indsats med vores f\u00f8rste ESG-rapport.<\/p>\n<p>ESG-rapporten bekr\u00e6fter vores betydelige indsats for klimaet og vores vilje til at p\u00e5tage os det n\u00f8dvendige ansvar for at fremme en mere milj\u00f8venlig omstilling. Dette engagement kommer tydeligt til udtryk, n\u00e5r vi analyserer de konkrete resultater og effekter, det medf\u00f8rer.<\/p>\n<p><strong>Hvad viser ESG-rapporten?<\/strong><\/p>\n<p>ESG-rapporten viser blandt andet, at vi hos Kj\u00e6rgaard A\/S, i mere end 10 \u00e5r, har kunne kategorisere vores elforbrug som Gr\u00f8n Plus if\u00f8lge Bygningsstyrelsen, da vi med 19,9 kWh er langt under deres m\u00e5l p\u00e5 max 30 kWh pr. m<sup>2<\/sup>.<\/p>\n<p>At turde investere viser sig i dette tilf\u00e6lde at v\u00e6re en fordelagtig handling for milj\u00f8et, og det er vi stolte af i Kj\u00e6rgaard A\/S. I 2021 blev vi h\u00e6dret med en energipris for at v\u00e6re forud for vor tid og opfylde 2030-m\u00e5ls\u00e6tningen for energieffektivitet og bygningsoptimering.<\/p>\n","protected":false},"excerpt":{"rendered":"<p>F\u00e5 indsigt i vores praksis, fremskridt og m\u00e5l i vores ESG-rapport for 2023 I f\u00e6llesskab kan vi innovere og tage ansvar \u2013 det lever vi efter i Kj\u00e6rgaard A\/S Hvad er en ESG-rapport? En ESG-rapport er en forkortelse for Environmental,&#8230;<\/p>\n","protected":false},"author":4,"featured_media":0,"parent":536,"menu_order":0,"comment_status":"closed","ping_status":"closed","template":"","meta":{"_acf_changed":false,"footnotes":""},"class_list":["post-8566","page","type-page","status-publish","hentry"],"acf":[],"yoast_head":"<!-- This site is optimized with the Yoast SEO plugin v27.3 - https:\/\/yoast.com\/product\/yoast-seo-wordpress\/ -->\r\n<title>Kj\u00e6rgaard A\/S ESG-rapport Kj\u00e6rgaard A\/S<\/title>\r\n<meta name=\"description\" content=\"ESG-rapport - esg-rapport Kj\u00e6rgaard A\/S\" \/>\r\n<meta name=\"robots\" content=\"index, follow, max-snippet:-1, max-image-preview:large, max-video-preview:-1\" \/>\r\n<link rel=\"canonical\" href=\"https:\/\/www.kia.dk\/en\/kjaergaard\/esg-rapport\/\" \/>\r\n<meta property=\"og:locale\" content=\"en_US\" \/>\r\n<meta property=\"og:type\" content=\"article\" \/>\r\n<meta property=\"og:title\" content=\"Kj\u00e6rgaard A\/S ESG-rapport Kj\u00e6rgaard A\/S\" \/>\r\n<meta property=\"og:description\" content=\"ESG-rapport - esg-rapport Kj\u00e6rgaard A\/S\" \/>\r\n<meta property=\"og:url\" content=\"https:\/\/www.kia.dk\/en\/kjaergaard\/esg-rapport\/\" \/>\r\n<meta property=\"og:site_name\" content=\"Kj\u00e6rgaard A\/S\" \/>\r\n<meta property=\"article:publisher\" content=\"https:\/\/www.facebook.com\/KjaergaardAS\" \/>\r\n<meta property=\"article:modified_time\" content=\"2024-08-22T06:59:40+00:00\" \/>\r\n<meta property=\"og:image\" content=\"https:\/\/www.kia.dk\/wp-content\/uploads\/2024\/08\/ESG-2023-MockUp-forside-opslag-MED-BAGGRUND.jpg\" \/>\r\n<meta name=\"twitter:card\" content=\"summary_large_image\" \/>\r\n<meta name=\"twitter:label1\" content=\"Est. reading time\" \/>\n\t<meta name=\"twitter:data1\" content=\"3 minutes\" \/>\r\n<script type=\"application\/ld+json\" class=\"yoast-schema-graph\">{\"@context\":\"https:\\\/\\\/schema.org\",\"@graph\":[{\"@type\":\"WebPage\",\"@id\":\"https:\\\/\\\/www.kia.dk\\\/en\\\/kjaergaard\\\/esg-rapport\\\/\",\"url\":\"https:\\\/\\\/www.kia.dk\\\/en\\\/kjaergaard\\\/esg-rapport\\\/\",\"name\":\"Kj\u00e6rgaard A\\\/S ESG-rapport Kj\u00e6rgaard A\\\/S\",\"isPartOf\":{\"@id\":\"https:\\\/\\\/www.kia.dk\\\/en\\\/#website\"},\"primaryImageOfPage\":{\"@id\":\"https:\\\/\\\/www.kia.dk\\\/en\\\/kjaergaard\\\/esg-rapport\\\/#primaryimage\"},\"image\":{\"@id\":\"https:\\\/\\\/www.kia.dk\\\/en\\\/kjaergaard\\\/esg-rapport\\\/#primaryimage\"},\"thumbnailUrl\":\"https:\\\/\\\/www.kia.dk\\\/wp-content\\\/uploads\\\/2024\\\/08\\\/ESG-2023-MockUp-forside-opslag-MED-BAGGRUND.jpg\",\"datePublished\":\"2024-08-21T07:16:24+00:00\",\"dateModified\":\"2024-08-22T06:59:40+00:00\",\"description\":\"ESG-rapport - esg-rapport Kj\u00e6rgaard A\\\/S\",\"breadcrumb\":{\"@id\":\"https:\\\/\\\/www.kia.dk\\\/en\\\/kjaergaard\\\/esg-rapport\\\/#breadcrumb\"},\"inLanguage\":\"en-US\",\"potentialAction\":[{\"@type\":\"ReadAction\",\"target\":[\"https:\\\/\\\/www.kia.dk\\\/en\\\/kjaergaard\\\/esg-rapport\\\/\"]}]},{\"@type\":\"ImageObject\",\"inLanguage\":\"en-US\",\"@id\":\"https:\\\/\\\/www.kia.dk\\\/en\\\/kjaergaard\\\/esg-rapport\\\/#primaryimage\",\"url\":\"https:\\\/\\\/www.kia.dk\\\/wp-content\\\/uploads\\\/2024\\\/08\\\/ESG-2023-MockUp-forside-opslag-MED-BAGGRUND.jpg\",\"contentUrl\":\"https:\\\/\\\/www.kia.dk\\\/wp-content\\\/uploads\\\/2024\\\/08\\\/ESG-2023-MockUp-forside-opslag-MED-BAGGRUND.jpg\"},{\"@type\":\"BreadcrumbList\",\"@id\":\"https:\\\/\\\/www.kia.dk\\\/en\\\/kjaergaard\\\/esg-rapport\\\/#breadcrumb\",\"itemListElement\":[{\"@type\":\"ListItem\",\"position\":1,\"name\":\"Hjem\",\"item\":\"https:\\\/\\\/www.kia.dk\\\/en\\\/\"},{\"@type\":\"ListItem\",\"position\":2,\"name\":\"Om Kj\u00e6rgaard\",\"item\":\"https:\\\/\\\/www.kia.dk\\\/en\\\/kjaergaard\\\/\"},{\"@type\":\"ListItem\",\"position\":3,\"name\":\"ESG-rapport\"}]},{\"@type\":\"WebSite\",\"@id\":\"https:\\\/\\\/www.kia.dk\\\/en\\\/#website\",\"url\":\"https:\\\/\\\/www.kia.dk\\\/en\\\/\",\"name\":\"Kj\u00e6rgaard A\\\/S\",\"description\":\"\u2022 industriens innovative partner\",\"publisher\":{\"@id\":\"https:\\\/\\\/www.kia.dk\\\/en\\\/#organization\"},\"potentialAction\":[{\"@type\":\"SearchAction\",\"target\":{\"@type\":\"EntryPoint\",\"urlTemplate\":\"https:\\\/\\\/www.kia.dk\\\/en\\\/?s={search_term_string}\"},\"query-input\":{\"@type\":\"PropertyValueSpecification\",\"valueRequired\":true,\"valueName\":\"search_term_string\"}}],\"inLanguage\":\"en-US\"},{\"@type\":\"Organization\",\"@id\":\"https:\\\/\\\/www.kia.dk\\\/en\\\/#organization\",\"name\":\"Kj\u00e6rgaard A\\\/S\",\"url\":\"https:\\\/\\\/www.kia.dk\\\/en\\\/\",\"logo\":{\"@type\":\"ImageObject\",\"inLanguage\":\"en-US\",\"@id\":\"https:\\\/\\\/www.kia.dk\\\/en\\\/#\\\/schema\\\/logo\\\/image\\\/\",\"url\":\"https:\\\/\\\/www.kia.dk\\\/wp-content\\\/uploads\\\/2015\\\/10\\\/logo.png\",\"contentUrl\":\"https:\\\/\\\/www.kia.dk\\\/wp-content\\\/uploads\\\/2015\\\/10\\\/logo.png\",\"width\":204,\"height\":37,\"caption\":\"Kj\u00e6rgaard A\\\/S\"},\"image\":{\"@id\":\"https:\\\/\\\/www.kia.dk\\\/en\\\/#\\\/schema\\\/logo\\\/image\\\/\"},\"sameAs\":[\"https:\\\/\\\/www.facebook.com\\\/KjaergaardAS\",\"https:\\\/\\\/www.linkedin.com\\\/company\\\/kj-rgaard-a-s\",\"https:\\\/\\\/www.youtube.com\\\/user\\\/kiawebvideo\"]}]}<\/script>\r\n<!-- \/ Yoast SEO plugin. -->","yoast_head_json":{"title":"Kj\u00e6rgaard A\/S ESG-rapport Kj\u00e6rgaard A\/S","description":"ESG-rapport - esg-rapport Kj\u00e6rgaard A\/S","robots":{"index":"index","follow":"follow","max-snippet":"max-snippet:-1","max-image-preview":"max-image-preview:large","max-video-preview":"max-video-preview:-1"},"canonical":"https:\/\/www.kia.dk\/en\/kjaergaard\/esg-rapport\/","og_locale":"en_US","og_type":"article","og_title":"Kj\u00e6rgaard A\/S ESG-rapport Kj\u00e6rgaard A\/S","og_description":"ESG-rapport - esg-rapport Kj\u00e6rgaard A\/S","og_url":"https:\/\/www.kia.dk\/en\/kjaergaard\/esg-rapport\/","og_site_name":"Kj\u00e6rgaard A\/S","article_publisher":"https:\/\/www.facebook.com\/KjaergaardAS","article_modified_time":"2024-08-22T06:59:40+00:00","og_image":[{"url":"https:\/\/www.kia.dk\/wp-content\/uploads\/2024\/08\/ESG-2023-MockUp-forside-opslag-MED-BAGGRUND.jpg","type":"","width":"","height":""}],"twitter_card":"summary_large_image","twitter_misc":{"Est. reading time":"3 minutes"},"schema":{"@context":"https:\/\/schema.org","@graph":[{"@type":"WebPage","@id":"https:\/\/www.kia.dk\/en\/kjaergaard\/esg-rapport\/","url":"https:\/\/www.kia.dk\/en\/kjaergaard\/esg-rapport\/","name":"Kj\u00e6rgaard A\/S ESG-rapport Kj\u00e6rgaard A\/S","isPartOf":{"@id":"https:\/\/www.kia.dk\/en\/#website"},"primaryImageOfPage":{"@id":"https:\/\/www.kia.dk\/en\/kjaergaard\/esg-rapport\/#primaryimage"},"image":{"@id":"https:\/\/www.kia.dk\/en\/kjaergaard\/esg-rapport\/#primaryimage"},"thumbnailUrl":"https:\/\/www.kia.dk\/wp-content\/uploads\/2024\/08\/ESG-2023-MockUp-forside-opslag-MED-BAGGRUND.jpg","datePublished":"2024-08-21T07:16:24+00:00","dateModified":"2024-08-22T06:59:40+00:00","description":"ESG-rapport - esg-rapport Kj\u00e6rgaard A\/S","breadcrumb":{"@id":"https:\/\/www.kia.dk\/en\/kjaergaard\/esg-rapport\/#breadcrumb"},"inLanguage":"en-US","potentialAction":[{"@type":"ReadAction","target":["https:\/\/www.kia.dk\/en\/kjaergaard\/esg-rapport\/"]}]},{"@type":"ImageObject","inLanguage":"en-US","@id":"https:\/\/www.kia.dk\/en\/kjaergaard\/esg-rapport\/#primaryimage","url":"https:\/\/www.kia.dk\/wp-content\/uploads\/2024\/08\/ESG-2023-MockUp-forside-opslag-MED-BAGGRUND.jpg","contentUrl":"https:\/\/www.kia.dk\/wp-content\/uploads\/2024\/08\/ESG-2023-MockUp-forside-opslag-MED-BAGGRUND.jpg"},{"@type":"BreadcrumbList","@id":"https:\/\/www.kia.dk\/en\/kjaergaard\/esg-rapport\/#breadcrumb","itemListElement":[{"@type":"ListItem","position":1,"name":"Hjem","item":"https:\/\/www.kia.dk\/en\/"},{"@type":"ListItem","position":2,"name":"Om Kj\u00e6rgaard","item":"https:\/\/www.kia.dk\/en\/kjaergaard\/"},{"@type":"ListItem","position":3,"name":"ESG-rapport"}]},{"@type":"WebSite","@id":"https:\/\/www.kia.dk\/en\/#website","url":"https:\/\/www.kia.dk\/en\/","name":"Kj\u00e6rgaard A\/S","description":"\u2022 industriens innovative partner","publisher":{"@id":"https:\/\/www.kia.dk\/en\/#organization"},"potentialAction":[{"@type":"SearchAction","target":{"@type":"EntryPoint","urlTemplate":"https:\/\/www.kia.dk\/en\/?s={search_term_string}"},"query-input":{"@type":"PropertyValueSpecification","valueRequired":true,"valueName":"search_term_string"}}],"inLanguage":"en-US"},{"@type":"Organization","@id":"https:\/\/www.kia.dk\/en\/#organization","name":"Kj\u00e6rgaard A\/S","url":"https:\/\/www.kia.dk\/en\/","logo":{"@type":"ImageObject","inLanguage":"en-US","@id":"https:\/\/www.kia.dk\/en\/#\/schema\/logo\/image\/","url":"https:\/\/www.kia.dk\/wp-content\/uploads\/2015\/10\/logo.png","contentUrl":"https:\/\/www.kia.dk\/wp-content\/uploads\/2015\/10\/logo.png","width":204,"height":37,"caption":"Kj\u00e6rgaard A\/S"},"image":{"@id":"https:\/\/www.kia.dk\/en\/#\/schema\/logo\/image\/"},"sameAs":["https:\/\/www.facebook.com\/KjaergaardAS","https:\/\/www.linkedin.com\/company\/kj-rgaard-a-s","https:\/\/www.youtube.com\/user\/kiawebvideo"]}]}},"_links":{"self":[{"href":"https:\/\/www.kia.dk\/en\/wp-json\/wp\/v2\/pages\/8566","targetHints":{"allow":["GET"]}}],"collection":[{"href":"https:\/\/www.kia.dk\/en\/wp-json\/wp\/v2\/pages"}],"about":[{"href":"https:\/\/www.kia.dk\/en\/wp-json\/wp\/v2\/types\/page"}],"author":[{"embeddable":true,"href":"https:\/\/www.kia.dk\/en\/wp-json\/wp\/v2\/users\/4"}],"replies":[{"embeddable":true,"href":"https:\/\/www.kia.dk\/en\/wp-json\/wp\/v2\/comments?post=8566"}],"version-history":[{"count":58,"href":"https:\/\/www.kia.dk\/en\/wp-json\/wp\/v2\/pages\/8566\/revisions"}],"predecessor-version":[{"id":9239,"href":"https:\/\/www.kia.dk\/en\/wp-json\/wp\/v2\/pages\/8566\/revisions\/9239"}],"up":[{"embeddable":true,"href":"https:\/\/www.kia.dk\/en\/wp-json\/wp\/v2\/pages\/536"}],"wp:attachment":[{"href":"https:\/\/www.kia.dk\/en\/wp-json\/wp\/v2\/media?parent=8566"}],"curies":[{"name":"wp","href":"https:\/\/api.w.org\/{rel}","templated":true}]}}