{"id":8795,"date":"2024-01-11T11:15:40","date_gmt":"2024-01-11T10:15:40","guid":{"rendered":"https:\/\/www.kia.dk\/?page_id=8795"},"modified":"2025-09-29T08:17:13","modified_gmt":"2025-09-29T07:17:13","slug":"skab-mervaerdi-for-din-virksomhed-med-innovative-skaermloesninger","status":"publish","type":"page","link":"https:\/\/www.kia.dk\/en\/skab-mervaerdi-for-din-virksomhed-med-innovative-skaermloesninger\/","title":{"rendered":"Sk\u00e6rml\u00f8sninger"},"content":{"rendered":"<h3><span style=\"color: #000000;\"><strong>Optimer din virksomheds kommunikation med smarte sk\u00e6rml\u00f8sninger<\/strong><\/span><\/h3>\n<p>Skab merv\u00e6rdi for din virksomhed med Kj\u00e6rgaard A\/S\u2019 innovative sk\u00e6rml\u00f8sninger. Sk\u00e6rml\u00f8sningerne er med til at forbedre din virksomheds kommunikation, da b\u00e5de kunder og medarbejdere for mulighed for let at engagerer sig og deltage i den daglige kommunikation p\u00e5 tv\u00e6rs af afdelinger.<\/p>\n<p>Vi kan tilbyde infosk\u00e6rme, m\u00f8derumssk\u00e6rme og check-in l\u00f8sninger, der kan tilpasses b\u00e5de st\u00f8rre og mindre virksomheders behov. Alt efter, hvilket behov du \u00f8nsker at d\u00e6kke med vores sk\u00e6rml\u00f8sninger; det kan v\u00e6re at forbedre din virksomheds interne kommunikationsindsatser eller m\u00e5ske at optimere din kundeservice, er vores skr\u00e6ddersyede l\u00f8sninger klar til at l\u00f8fte din virksomheds kommunikation til nye h\u00f8jder.<\/p>\n<h3><strong>Infosk\u00e6rme<\/strong><\/h3>\n<p>Vores infosk\u00e6rme er designet til at levere en effektiv og engagerende informations-oplevelse for b\u00e5de dine medarbejdere og kunder. Pr\u00e6senter nyheder, interne opdateringer, m\u00e5ls\u00e6tninger og begivenheder p\u00e5 en visuelt tiltalende m\u00e5de.<\/p>\n<p>Med vores infosk\u00e6rme kan du pr\u00e6sentere din virksomhed i receptionen, i ventev\u00e6relset eller p\u00e5 flere hundrede sk\u00e6rme. Det er nemt at designe, ops\u00e6tte og opdatere, uanset om du er professionel designer eller helt gr\u00f8n.<\/p>\n<p><strong>Skab personlighed til din virksomhed<\/strong><\/p>\n<p>Infosk\u00e6rme er en rigtig god m\u00e5de at integrere mere personlighed i din interne kommunikation p\u00e5. Du har mulighed for at l\u00e6gge beskeder op, tilf\u00f8je medarbejdernes f\u00f8dselsdage, informerer om dagens m\u00f8der og g\u00e6ster i huset og meget andet.<\/p>\n<p><strong>Central styring af infosk\u00e6rme og avanceret brugerstyring\u00a0<\/strong><\/p>\n<p>Med gruppering af infosk\u00e6rme kan du nemt danne dig et overblik over alle sk\u00e6rme. En gruppering af sk\u00e6rme kunne fx. v\u00e6re p\u00e5 lande, omr\u00e5der eller noget helt andet.<\/p>\n<p><strong>Add ons til dine infosk\u00e6rme\u00a0<\/strong><\/p>\n<p>Vi har flere specialudviklet integrationer og Apps, der er med til at forbedre oplevelsen af dine infosk\u00e6rme. Du kan fx. f\u00e5 vist indhold fra TV2 News, Vejret, YouTube, Excel, Facebook og mange andre apps alt efter, hvad der giver mening for din virksomhed.<\/p>\n<div id=\"attachment_8829\" style=\"width: 539px\" class=\"wp-caption alignleft\"><img loading=\"lazy\" decoding=\"async\" aria-describedby=\"caption-attachment-8829\" class=\"wp-image-8829\" src=\"https:\/\/www.kia.dk\/wp-content\/uploads\/2024\/01\/Infoskaerm.png\" alt=\"\" width=\"529\" height=\"300\" srcset=\"https:\/\/www.kia.dk\/wp-content\/uploads\/2024\/01\/Infoskaerm.png 5381w, https:\/\/www.kia.dk\/wp-content\/uploads\/2024\/01\/Infoskaerm-400x227.png 400w, https:\/\/www.kia.dk\/wp-content\/uploads\/2024\/01\/Infoskaerm-1024x580.png 1024w, https:\/\/www.kia.dk\/wp-content\/uploads\/2024\/01\/Infoskaerm-768x435.png 768w, https:\/\/www.kia.dk\/wp-content\/uploads\/2024\/01\/Infoskaerm-1536x870.png 1536w, https:\/\/www.kia.dk\/wp-content\/uploads\/2024\/01\/Infoskaerm-2048x1160.png 2048w\" sizes=\"auto, (max-width: 529px) 100vw, 529px\" \/><p id=\"caption-attachment-8829\" class=\"wp-caption-text\">Eksempel p\u00e5 en infosk\u00e6rm<\/p><\/div>\n<p>&nbsp;<\/p>\n<p>&nbsp;<\/p>\n<p>&nbsp;<\/p>\n<p>&nbsp;<\/p>\n<h3><\/h3>\n<p>&nbsp;<\/p>\n<p>&nbsp;<\/p>\n<p>&nbsp;<\/p>\n<h3><\/h3>\n<h3><\/h3>\n<h3><\/h3>\n<h3><\/h3>\n<p>&nbsp;<\/p>\n<h3><\/h3>\n<p>&nbsp;<\/p>\n<p>&nbsp;<\/p>\n<h3><strong>M\u00f8derumssk\u00e6rme\u00a0<\/strong><\/h3>\n<p>Ved brug af vores m\u00f8derumssk\u00e6rme kan du skabe en effektiv og moderne m\u00f8dekultur. Her f\u00e5r du muligheden for at skabe en overskuelig m\u00f8deplanl\u00e6gning af dine m\u00f8derum, da du b\u00e5de kan booke m\u00f8delokaler fra din egen pc eller p\u00e5 sk\u00e6rmen ved selve m\u00f8delokalet.<\/p>\n<p>Med vores m\u00f8derumssk\u00e6rme bliver hele bookingprocessen en simpel og let oplevelse. P\u00e5 f\u00e5 sekunder kan du se, om lokalet er reserveret eller ledigt direkte fra sk\u00e6rmen. Men det stopper ikke der \u2013 vores innovative system giver dig ogs\u00e5 mulighed for at foretage ad-hoc booking direkte p\u00e5 sk\u00e6rmen, som automatisk synkroniseres med virksomhedens kalendersystem.<\/p>\n<p>Design, ops\u00e6tning og opdatering har aldrig v\u00e6ret enklere. Uanset om du er en erfaren professionel designer eller helt ny inden for omr\u00e5det, g\u00f8r vores intuitive designv\u00e6rkt\u00f8j det muligt for enhver at skabe imponerende m\u00f8derumssk\u00e6rme. Brug det letforst\u00e5elige designv\u00e6rkt\u00f8j til at skabe dine sk\u00e6rme og send dem hurtigt ud til din Player med blot \u00e9t klik. G\u00f8r din m\u00f8deoplevelse endnu mere problemfri med vores brugervenlige l\u00f8sninger.<\/p>\n<p><strong>Oplev de mange funktioner, der kan kobles til din m\u00f8derumssk\u00e6rm\u00a0<\/strong><\/p>\n<p>Med vores l\u00f8sning f\u00e5r du en m\u00f8derumssk\u00e6rm med logo, ur samt f\u00f8lgende funktioner:<\/p>\n<ul>\n<li>&#8211; <strong>2-vejs integration med Exchange eller Google G-Suite:<\/strong> Vores sk\u00e6rm er intelligent og forbundet direkte til virksomhedens kalender. Med en smidig 2-vejs integration sendes data fra sk\u00e6rmen tilbage til Exchange eller Google G-Suite kalenderen, hvilket sikrer, at ingen medarbejdere g\u00e5r forg\u00e6ves. Integrationen er lynhurtig og kan udveksle data ned til minut-niveau.<\/li>\n<li>&#8211; <strong>Visning af aktuelle og kommende m\u00f8der:<\/strong> F\u00e5 et \u00f8jeblikkeligt overblik over virksomhedens kalender direkte p\u00e5 sk\u00e6rmen. Se aktuelle og kommende m\u00f8der for at optimere brugen af m\u00f8delokalerne.<\/li>\n<li>&#8211;<strong> LED og touch-funktion:<\/strong> Sk\u00e6rmen er udstyret med indbyggede surround LED-lys, der skifter farve mellem r\u00f8d og gr\u00f8n, afh\u00e6ngigt af om m\u00f8delokalet er optaget eller ledigt. Den intuitive touch-funktion giver dig mulighed for at interagere direkte med sk\u00e6rmen, hvilket g\u00f8r det nemt at navigere og klikke for yderligere detaljer.<\/li>\n<\/ul>\n<p>&nbsp;<\/p>\n<p>Invest\u00e9r i vores l\u00f8sning og oplev en m\u00f8derumssk\u00e6rm, der ikke kun opfylder dine forventninger, men ogs\u00e5 bringer et professionelt pr\u00e6g til dine m\u00f8derum. G\u00f8r din arbejdsdag mere struktureret og effektiv med vores avancerede teknologi.<\/p>\n<div id=\"attachment_8802\" style=\"width: 369px\" class=\"wp-caption alignleft\"><img loading=\"lazy\" decoding=\"async\" aria-describedby=\"caption-attachment-8802\" class=\"wp-image-8802\" src=\"https:\/\/www.kia.dk\/wp-content\/uploads\/2024\/01\/Skaermbillede-2023-09-19-084700.png\" alt=\"\" width=\"359\" height=\"329\" srcset=\"https:\/\/www.kia.dk\/wp-content\/uploads\/2024\/01\/Skaermbillede-2023-09-19-084700.png 603w, https:\/\/www.kia.dk\/wp-content\/uploads\/2024\/01\/Skaermbillede-2023-09-19-084700-400x367.png 400w\" sizes=\"auto, (max-width: 359px) 100vw, 359px\" \/><p id=\"caption-attachment-8802\" class=\"wp-caption-text\">Eksempel p\u00e5 en m\u00f8derumssk\u00e6rm<\/p><\/div>\n<p>&nbsp;<\/p>\n<p>&nbsp;<\/p>\n<p>&nbsp;<\/p>\n<p>&nbsp;<\/p>\n<p>&nbsp;<\/p>\n<p>&nbsp;<\/p>\n<p>&nbsp;<\/p>\n<h3><\/h3>\n<h3><\/h3>\n<h3><\/h3>\n<p>&nbsp;<\/p>\n<h3><\/h3>\n<p>&nbsp;<\/p>\n<p>&nbsp;<\/p>\n<h3><strong>Check-in l\u00f8sninger<\/strong><\/h3>\n<p>Skab den perfekte velkomstoplevelse for dine kunder og g\u00e6ster ved at implementere vores avancerede digitale receptionistl\u00f8sning.<\/p>\n<p>Med blot \u00e9t klik kan du sende bud efter en bestemt person, hvilket effektiviserer processen og sikrer, at dine g\u00e6ster f\u00f8ler sig v\u00e6rdsatte.<\/p>\n<div class=\"w-full text-token-text-primary\" data-testid=\"conversation-turn-9\">\n<div class=\"px-4 py-2 justify-center text-base md:gap-6 m-auto\">\n<div class=\"flex flex-1 text-base mx-auto gap-3 md:px-5 lg:px-1 xl:px-5 md:max-w-3xl lg:max-w-[40rem] xl:max-w-[48rem] group\">\n<div class=\"relative flex w-full flex-col lg:w-[calc(100%-115px)] agent-turn\">\n<div class=\"flex-col gap-1 md:gap-3\">\n<div class=\"flex flex-grow flex-col max-w-full\">\n<div class=\"min-h-[20px] text-message flex flex-col items-start gap-3 whitespace-pre-wrap break-words [.text-message+&amp;]:mt-5 overflow-x-auto\" data-message-author-role=\"assistant\" data-message-id=\"d4fd0e8d-a49a-458c-870f-142974cc605a\">\n<div class=\"markdown prose w-full break-words dark:prose-invert light\">\n<p><strong>Byd dine g\u00e6ster velkommen med en digital receptionist<\/strong><\/p>\n<p>Vores digitale receptionist giver dine g\u00e6ster mulighed for nemt at finde den person, de har en aftale med, blive informeret og m\u00f8de vedkommende med lethed takket v\u00e6re integreringen med Exchange eller Google Calendar. Derudover g\u00f8r vores l\u00f8sning det let for g\u00e6sterne at navigere rundt i bygningen ved hj\u00e6lp af en intelligent &#8220;find-vej&#8221;-funktion.<\/p>\n<ul>\n<li>&#8211; <strong>Check-in og parkeringsregistrering:<\/strong> G\u00e6ster kan bekvemt checke ind og registrere deres parkering direkte p\u00e5 sk\u00e6rmen, hvilket forenkler ankomstprocessen.<\/li>\n<li>&#8211; <strong>Vejvisning til leverand\u00f8rer:<\/strong> For at lette adgangen for eksterne leverand\u00f8rer har vi implementeret en funktion, der g\u00f8r det nemt for dem at finde vej til vareindlevering.<\/li>\n<li>&#8211; <strong>Integration med INFO TV:<\/strong> Kombineret med vores INFO TV-l\u00f8sning f\u00e5r du mulighed for at inds\u00e6tte opdateringer som nyheder, vejrudsigt, reklamer og meget mere, hvilket skaber en dynamisk og informativ atmosf\u00e6re.<\/li>\n<\/ul>\n<p>&nbsp;<\/p>\n<p>Invest\u00e9r i vores digitale receptionistl\u00f8sning og skab en indbydende og effektiv start p\u00e5 enhver g\u00e6stes oplevelse i din virksomhed. G\u00f8r processerne mere str\u00f8mlinede og im\u00f8dekommende og styrk det professionelle indtryk.<\/p>\n<\/div>\n<p><strong>Funktioner, der effektiviserer din virksomheds bes\u00f8gsregistrering\u00a0<\/strong><\/p>\n<p>Optimer din virksomheds effektivitet med vores avancerede l\u00f8sning, der ikke kun sparer tid, men ogs\u00e5 forbedrer sikkerheden og skaber en mere str\u00f8mlinet oplevelse for b\u00e5de g\u00e6ster og personale. Med infosk\u00e6rmene kan du:<\/p>\n<ul>\n<li>&#8211; Selvbetjening af ind- og udtjekning<\/li>\n<li>&#8211; Forbedret kontorsikkerhed<\/li>\n<li>&#8211; Automatisk underretning af v\u00e6rter<\/li>\n<li>&#8211; Udskrivning af badges<\/li>\n<\/ul>\n<\/div>\n<\/div>\n<\/div>\n<\/div>\n<\/div>\n<\/div>\n<\/div>\n<div class=\"text-gray-400 flex self-end lg:self-center justify-center lg:justify-start mt-0 -ml-1 visible\"><\/div>\n<div><\/div>\n<div><\/div>\n<div><\/div>\n<div><\/div>\n<div><\/div>\n<div><\/div>\n<div class=\"w-full text-token-text-primary\" data-testid=\"conversation-turn-10\">\n<div class=\"px-4 py-2 justify-center text-base md:gap-6 m-auto\">\n<div class=\"flex flex-1 text-base mx-auto gap-3 md:px-5 lg:px-1 xl:px-5 md:max-w-3xl lg:max-w-[40rem] xl:max-w-[48rem] group\">\n<div class=\"flex-shrink-0 flex flex-col relative items-end\">\n<div>\n<div class=\"pt-0.5\">\n<div class=\"gizmo-shadow-stroke flex h-6 w-6 items-center justify-center overflow-hidden rounded-full\"><\/div>\n<\/div>\n<\/div>\n<\/div>\n<\/div>\n<\/div>\n<\/div>\n<div id=\"attachment_8827\" style=\"width: 295px\" class=\"wp-caption alignleft\"><img loading=\"lazy\" decoding=\"async\" aria-describedby=\"caption-attachment-8827\" class=\"wp-image-8827\" src=\"https:\/\/www.kia.dk\/wp-content\/uploads\/2024\/01\/IMG_20230628_112004-scaled.jpg\" alt=\"\" width=\"285\" height=\"380\" \/><p id=\"caption-attachment-8827\" class=\"wp-caption-text\">Eksempel p\u00e5 en check-in sk\u00e6rm<\/p><\/div>\n","protected":false},"excerpt":{"rendered":"<p>Optimer din virksomheds kommunikation med smarte sk\u00e6rml\u00f8sninger Skab merv\u00e6rdi for din virksomhed med Kj\u00e6rgaard A\/S\u2019 innovative sk\u00e6rml\u00f8sninger. Sk\u00e6rml\u00f8sningerne er med til at forbedre din virksomheds kommunikation, da b\u00e5de kunder og medarbejdere for mulighed for let at engagerer sig og deltage&#8230;<\/p>\n","protected":false},"author":7,"featured_media":8827,"parent":0,"menu_order":0,"comment_status":"closed","ping_status":"closed","template":"","meta":{"_acf_changed":false,"footnotes":""},"class_list":["post-8795","page","type-page","status-publish","has-post-thumbnail","hentry"],"acf":[],"yoast_head":"<!-- This site is optimized with the Yoast SEO plugin v27.3 - https:\/\/yoast.com\/product\/yoast-seo-wordpress\/ -->\r\n<title>Kj\u00e6rgaard A\/S Optimer din virksomheds kommunikation med sk\u00e6rml\u00f8sninger<\/title>\r\n<meta name=\"description\" content=\"Skab merv\u00e6rdi for din virksomhed med Kj\u00e6rgaard A\/S\u2019 innovative sk\u00e6rml\u00f8sninger, der forbedre din virksomheds kommunikation.\" \/>\r\n<meta name=\"robots\" content=\"index, follow, max-snippet:-1, max-image-preview:large, max-video-preview:-1\" \/>\r\n<link rel=\"canonical\" href=\"https:\/\/www.kia.dk\/en\/skab-mervaerdi-for-din-virksomhed-med-innovative-skaermloesninger\/\" \/>\r\n<meta property=\"og:locale\" content=\"en_US\" \/>\r\n<meta property=\"og:type\" content=\"article\" \/>\r\n<meta property=\"og:title\" content=\"Kj\u00e6rgaard A\/S Optimer din virksomheds kommunikation med sk\u00e6rml\u00f8sninger\" \/>\r\n<meta property=\"og:description\" content=\"Skab merv\u00e6rdi for din virksomhed med Kj\u00e6rgaard A\/S\u2019 innovative sk\u00e6rml\u00f8sninger, der forbedre din virksomheds kommunikation.\" \/>\r\n<meta property=\"og:url\" content=\"https:\/\/www.kia.dk\/en\/skab-mervaerdi-for-din-virksomhed-med-innovative-skaermloesninger\/\" \/>\r\n<meta property=\"og:site_name\" content=\"Kj\u00e6rgaard A\/S\" \/>\r\n<meta property=\"article:publisher\" content=\"https:\/\/www.facebook.com\/KjaergaardAS\" \/>\r\n<meta property=\"article:modified_time\" content=\"2025-09-29T07:17:13+00:00\" \/>\r\n<meta property=\"og:image\" content=\"https:\/\/www.kia.dk\/wp-content\/uploads\/2024\/01\/IMG_20230628_112004-scaled-e1752130915143.jpg\" \/>\r\n\t<meta property=\"og:image:width\" content=\"1920\" \/>\r\n\t<meta property=\"og:image:height\" content=\"623\" \/>\r\n\t<meta property=\"og:image:type\" content=\"image\/jpeg\" \/>\r\n<meta name=\"twitter:card\" content=\"summary_large_image\" \/>\r\n<meta name=\"twitter:label1\" content=\"Est. reading time\" \/>\n\t<meta name=\"twitter:data1\" content=\"6 minutes\" \/>\r\n<script type=\"application\/ld+json\" class=\"yoast-schema-graph\">{\"@context\":\"https:\\\/\\\/schema.org\",\"@graph\":[{\"@type\":\"WebPage\",\"@id\":\"https:\\\/\\\/www.kia.dk\\\/en\\\/skab-mervaerdi-for-din-virksomhed-med-innovative-skaermloesninger\\\/\",\"url\":\"https:\\\/\\\/www.kia.dk\\\/en\\\/skab-mervaerdi-for-din-virksomhed-med-innovative-skaermloesninger\\\/\",\"name\":\"Kj\u00e6rgaard A\\\/S Optimer din virksomheds kommunikation med sk\u00e6rml\u00f8sninger\",\"isPartOf\":{\"@id\":\"https:\\\/\\\/www.kia.dk\\\/en\\\/#website\"},\"primaryImageOfPage\":{\"@id\":\"https:\\\/\\\/www.kia.dk\\\/en\\\/skab-mervaerdi-for-din-virksomhed-med-innovative-skaermloesninger\\\/#primaryimage\"},\"image\":{\"@id\":\"https:\\\/\\\/www.kia.dk\\\/en\\\/skab-mervaerdi-for-din-virksomhed-med-innovative-skaermloesninger\\\/#primaryimage\"},\"thumbnailUrl\":\"https:\\\/\\\/www.kia.dk\\\/wp-content\\\/uploads\\\/2024\\\/01\\\/IMG_20230628_112004-scaled-e1752130915143.jpg\",\"datePublished\":\"2024-01-11T10:15:40+00:00\",\"dateModified\":\"2025-09-29T07:17:13+00:00\",\"description\":\"Skab merv\u00e6rdi for din virksomhed med Kj\u00e6rgaard A\\\/S\u2019 innovative sk\u00e6rml\u00f8sninger, der forbedre din virksomheds kommunikation.\",\"breadcrumb\":{\"@id\":\"https:\\\/\\\/www.kia.dk\\\/en\\\/skab-mervaerdi-for-din-virksomhed-med-innovative-skaermloesninger\\\/#breadcrumb\"},\"inLanguage\":\"en-US\",\"potentialAction\":[{\"@type\":\"ReadAction\",\"target\":[\"https:\\\/\\\/www.kia.dk\\\/en\\\/skab-mervaerdi-for-din-virksomhed-med-innovative-skaermloesninger\\\/\"]}]},{\"@type\":\"ImageObject\",\"inLanguage\":\"en-US\",\"@id\":\"https:\\\/\\\/www.kia.dk\\\/en\\\/skab-mervaerdi-for-din-virksomhed-med-innovative-skaermloesninger\\\/#primaryimage\",\"url\":\"https:\\\/\\\/www.kia.dk\\\/wp-content\\\/uploads\\\/2024\\\/01\\\/IMG_20230628_112004-scaled-e1752130915143.jpg\",\"contentUrl\":\"https:\\\/\\\/www.kia.dk\\\/wp-content\\\/uploads\\\/2024\\\/01\\\/IMG_20230628_112004-scaled-e1752130915143.jpg\",\"width\":1920,\"height\":623},{\"@type\":\"BreadcrumbList\",\"@id\":\"https:\\\/\\\/www.kia.dk\\\/en\\\/skab-mervaerdi-for-din-virksomhed-med-innovative-skaermloesninger\\\/#breadcrumb\",\"itemListElement\":[{\"@type\":\"ListItem\",\"position\":1,\"name\":\"Hjem\",\"item\":\"https:\\\/\\\/www.kia.dk\\\/en\\\/\"},{\"@type\":\"ListItem\",\"position\":2,\"name\":\"Sk\u00e6rml\u00f8sninger\"}]},{\"@type\":\"WebSite\",\"@id\":\"https:\\\/\\\/www.kia.dk\\\/en\\\/#website\",\"url\":\"https:\\\/\\\/www.kia.dk\\\/en\\\/\",\"name\":\"Kj\u00e6rgaard A\\\/S\",\"description\":\"\u2022 industriens innovative partner\",\"publisher\":{\"@id\":\"https:\\\/\\\/www.kia.dk\\\/en\\\/#organization\"},\"potentialAction\":[{\"@type\":\"SearchAction\",\"target\":{\"@type\":\"EntryPoint\",\"urlTemplate\":\"https:\\\/\\\/www.kia.dk\\\/en\\\/?s={search_term_string}\"},\"query-input\":{\"@type\":\"PropertyValueSpecification\",\"valueRequired\":true,\"valueName\":\"search_term_string\"}}],\"inLanguage\":\"en-US\"},{\"@type\":\"Organization\",\"@id\":\"https:\\\/\\\/www.kia.dk\\\/en\\\/#organization\",\"name\":\"Kj\u00e6rgaard A\\\/S\",\"url\":\"https:\\\/\\\/www.kia.dk\\\/en\\\/\",\"logo\":{\"@type\":\"ImageObject\",\"inLanguage\":\"en-US\",\"@id\":\"https:\\\/\\\/www.kia.dk\\\/en\\\/#\\\/schema\\\/logo\\\/image\\\/\",\"url\":\"https:\\\/\\\/www.kia.dk\\\/wp-content\\\/uploads\\\/2015\\\/10\\\/logo.png\",\"contentUrl\":\"https:\\\/\\\/www.kia.dk\\\/wp-content\\\/uploads\\\/2015\\\/10\\\/logo.png\",\"width\":204,\"height\":37,\"caption\":\"Kj\u00e6rgaard A\\\/S\"},\"image\":{\"@id\":\"https:\\\/\\\/www.kia.dk\\\/en\\\/#\\\/schema\\\/logo\\\/image\\\/\"},\"sameAs\":[\"https:\\\/\\\/www.facebook.com\\\/KjaergaardAS\",\"https:\\\/\\\/www.linkedin.com\\\/company\\\/kj-rgaard-a-s\",\"https:\\\/\\\/www.youtube.com\\\/user\\\/kiawebvideo\"]}]}<\/script>\r\n<!-- \/ Yoast SEO plugin. -->","yoast_head_json":{"title":"Kj\u00e6rgaard A\/S Optimer din virksomheds kommunikation med sk\u00e6rml\u00f8sninger","description":"Skab merv\u00e6rdi for din virksomhed med Kj\u00e6rgaard A\/S\u2019 innovative sk\u00e6rml\u00f8sninger, der forbedre din virksomheds kommunikation.","robots":{"index":"index","follow":"follow","max-snippet":"max-snippet:-1","max-image-preview":"max-image-preview:large","max-video-preview":"max-video-preview:-1"},"canonical":"https:\/\/www.kia.dk\/en\/skab-mervaerdi-for-din-virksomhed-med-innovative-skaermloesninger\/","og_locale":"en_US","og_type":"article","og_title":"Kj\u00e6rgaard A\/S Optimer din virksomheds kommunikation med sk\u00e6rml\u00f8sninger","og_description":"Skab merv\u00e6rdi for din virksomhed med Kj\u00e6rgaard A\/S\u2019 innovative sk\u00e6rml\u00f8sninger, der forbedre din virksomheds kommunikation.","og_url":"https:\/\/www.kia.dk\/en\/skab-mervaerdi-for-din-virksomhed-med-innovative-skaermloesninger\/","og_site_name":"Kj\u00e6rgaard A\/S","article_publisher":"https:\/\/www.facebook.com\/KjaergaardAS","article_modified_time":"2025-09-29T07:17:13+00:00","og_image":[{"width":1920,"height":623,"url":"https:\/\/www.kia.dk\/wp-content\/uploads\/2024\/01\/IMG_20230628_112004-scaled-e1752130915143.jpg","type":"image\/jpeg"}],"twitter_card":"summary_large_image","twitter_misc":{"Est. reading time":"6 minutes"},"schema":{"@context":"https:\/\/schema.org","@graph":[{"@type":"WebPage","@id":"https:\/\/www.kia.dk\/en\/skab-mervaerdi-for-din-virksomhed-med-innovative-skaermloesninger\/","url":"https:\/\/www.kia.dk\/en\/skab-mervaerdi-for-din-virksomhed-med-innovative-skaermloesninger\/","name":"Kj\u00e6rgaard A\/S Optimer din virksomheds kommunikation med sk\u00e6rml\u00f8sninger","isPartOf":{"@id":"https:\/\/www.kia.dk\/en\/#website"},"primaryImageOfPage":{"@id":"https:\/\/www.kia.dk\/en\/skab-mervaerdi-for-din-virksomhed-med-innovative-skaermloesninger\/#primaryimage"},"image":{"@id":"https:\/\/www.kia.dk\/en\/skab-mervaerdi-for-din-virksomhed-med-innovative-skaermloesninger\/#primaryimage"},"thumbnailUrl":"https:\/\/www.kia.dk\/wp-content\/uploads\/2024\/01\/IMG_20230628_112004-scaled-e1752130915143.jpg","datePublished":"2024-01-11T10:15:40+00:00","dateModified":"2025-09-29T07:17:13+00:00","description":"Skab merv\u00e6rdi for din virksomhed med Kj\u00e6rgaard A\/S\u2019 innovative sk\u00e6rml\u00f8sninger, der forbedre din virksomheds kommunikation.","breadcrumb":{"@id":"https:\/\/www.kia.dk\/en\/skab-mervaerdi-for-din-virksomhed-med-innovative-skaermloesninger\/#breadcrumb"},"inLanguage":"en-US","potentialAction":[{"@type":"ReadAction","target":["https:\/\/www.kia.dk\/en\/skab-mervaerdi-for-din-virksomhed-med-innovative-skaermloesninger\/"]}]},{"@type":"ImageObject","inLanguage":"en-US","@id":"https:\/\/www.kia.dk\/en\/skab-mervaerdi-for-din-virksomhed-med-innovative-skaermloesninger\/#primaryimage","url":"https:\/\/www.kia.dk\/wp-content\/uploads\/2024\/01\/IMG_20230628_112004-scaled-e1752130915143.jpg","contentUrl":"https:\/\/www.kia.dk\/wp-content\/uploads\/2024\/01\/IMG_20230628_112004-scaled-e1752130915143.jpg","width":1920,"height":623},{"@type":"BreadcrumbList","@id":"https:\/\/www.kia.dk\/en\/skab-mervaerdi-for-din-virksomhed-med-innovative-skaermloesninger\/#breadcrumb","itemListElement":[{"@type":"ListItem","position":1,"name":"Hjem","item":"https:\/\/www.kia.dk\/en\/"},{"@type":"ListItem","position":2,"name":"Sk\u00e6rml\u00f8sninger"}]},{"@type":"WebSite","@id":"https:\/\/www.kia.dk\/en\/#website","url":"https:\/\/www.kia.dk\/en\/","name":"Kj\u00e6rgaard A\/S","description":"\u2022 industriens innovative partner","publisher":{"@id":"https:\/\/www.kia.dk\/en\/#organization"},"potentialAction":[{"@type":"SearchAction","target":{"@type":"EntryPoint","urlTemplate":"https:\/\/www.kia.dk\/en\/?s={search_term_string}"},"query-input":{"@type":"PropertyValueSpecification","valueRequired":true,"valueName":"search_term_string"}}],"inLanguage":"en-US"},{"@type":"Organization","@id":"https:\/\/www.kia.dk\/en\/#organization","name":"Kj\u00e6rgaard A\/S","url":"https:\/\/www.kia.dk\/en\/","logo":{"@type":"ImageObject","inLanguage":"en-US","@id":"https:\/\/www.kia.dk\/en\/#\/schema\/logo\/image\/","url":"https:\/\/www.kia.dk\/wp-content\/uploads\/2015\/10\/logo.png","contentUrl":"https:\/\/www.kia.dk\/wp-content\/uploads\/2015\/10\/logo.png","width":204,"height":37,"caption":"Kj\u00e6rgaard A\/S"},"image":{"@id":"https:\/\/www.kia.dk\/en\/#\/schema\/logo\/image\/"},"sameAs":["https:\/\/www.facebook.com\/KjaergaardAS","https:\/\/www.linkedin.com\/company\/kj-rgaard-a-s","https:\/\/www.youtube.com\/user\/kiawebvideo"]}]}},"_links":{"self":[{"href":"https:\/\/www.kia.dk\/en\/wp-json\/wp\/v2\/pages\/8795","targetHints":{"allow":["GET"]}}],"collection":[{"href":"https:\/\/www.kia.dk\/en\/wp-json\/wp\/v2\/pages"}],"about":[{"href":"https:\/\/www.kia.dk\/en\/wp-json\/wp\/v2\/types\/page"}],"author":[{"embeddable":true,"href":"https:\/\/www.kia.dk\/en\/wp-json\/wp\/v2\/users\/7"}],"replies":[{"embeddable":true,"href":"https:\/\/www.kia.dk\/en\/wp-json\/wp\/v2\/comments?post=8795"}],"version-history":[{"count":31,"href":"https:\/\/www.kia.dk\/en\/wp-json\/wp\/v2\/pages\/8795\/revisions"}],"predecessor-version":[{"id":8798,"href":"https:\/\/www.kia.dk\/en\/wp-json\/wp\/v2\/pages\/8795\/revisions\/8798"}],"wp:featuredmedia":[{"embeddable":true,"href":"https:\/\/www.kia.dk\/en\/wp-json\/wp\/v2\/media\/8827"}],"wp:attachment":[{"href":"https:\/\/www.kia.dk\/en\/wp-json\/wp\/v2\/media?parent=8795"}],"curies":[{"name":"wp","href":"https:\/\/api.w.org\/{rel}","templated":true}]}}