{"id":8854,"date":"2024-01-22T15:26:43","date_gmt":"2024-01-22T14:26:43","guid":{"rendered":"https:\/\/www.kia.dk\/?page_id=8854"},"modified":"2025-09-29T08:48:33","modified_gmt":"2025-09-29T07:48:33","slug":"rob-box","status":"publish","type":"page","link":"https:\/\/www.kia.dk\/en\/rob-box\/","title":{"rendered":"RobBox &#8211; kasserejser"},"content":{"rendered":"<p>Hos Kj\u00e6rgaard A\/S tilbyder vi automatiseret rejsning af kasser med robotter.<\/p>\n<p>Med vores kasserejsere kan du effektivisere din produktion og derved spare b\u00e5de tid og penge. Kasserejserne g\u00f8r kasserne klar til brug ved at rejse de flade kasser og samle dem. Efter denne proces er kasserne klar til at blive fyldt op med produkter.<\/p>\n<p><strong>Fleksibilitet er n\u00f8gleordet\u00a0<\/strong><\/p>\n<p>Det er enkelt at betjene vores kasserejsere, der har en simpel brugerflade. Via et operat\u00f8rpanel sker omstillingen til andre typer emballage hurtigt efter kun f\u00e5 timers instruktion. Det betyder at omstillingen af kasserejseren er nem for operat\u00f8ren, der ikke har brug for erfarne teknikere.<\/p>\n<p>Vores kasserejsere kan alts\u00e5 let omstilles til at rejse flere forskellige st\u00f8rrelser emballage &#8211; og kan nemt justeres og derfor bruges til mere end blot \u00e9n type emne. Kasserejseren kan integreres med hhv. tape- eller hotmeltlukning afh\u00e6ngig af, hvad behovet er for dig.<\/p>\n<p>Vi indk\u00f8rer og tester RobBoxen inden levering s\u00e5 opstilling og indk\u00f8ring kan ske hos jer p\u00e5 f\u00e5 dage og med minimal produktions stop.<\/p>\n<p><strong>Udvid med en hel pakkelinje\u00a0<\/strong><\/p>\n<p>Kasserejserne er blot en del af vores pakkelinje. Gennem vores brede udvalg af forskellige l\u00f8sninger, kan du sammens\u00e6tte din pakkelinje pr\u00e6cis, som du \u00f8nsker, den skal v\u00e6re. Du kan f.eks. tilf\u00f8je vores RobPack, der g\u00f8r det muligt for dig ogs\u00e5 at pakke produkter i de klargjorte kasser fra RobBoxen.<\/p>\n<p>Vores robotter giver en enorm fleksibilitet, og det er kun fantasien, der s\u00e6tter gr\u00e6nserne. Sker der \u00e6ndringer i den virksomhed, s\u00e5 kan du let fjerne eller tilf\u00f8je andre funktioner, der g\u00f8r pakkelinjen optimal for din virksomheds behov.<\/p>\n","protected":false},"excerpt":{"rendered":"<p>Hos Kj\u00e6rgaard A\/S tilbyder vi automatiseret rejsning af kasser med robotter. Med vores kasserejsere kan du effektivisere din produktion og derved spare b\u00e5de tid og penge. Kasserejserne g\u00f8r kasserne klar til brug ved at rejse de flade kasser og samle&#8230;<\/p>\n","protected":false},"author":7,"featured_media":9112,"parent":0,"menu_order":0,"comment_status":"closed","ping_status":"closed","template":"","meta":{"_acf_changed":false,"footnotes":""},"class_list":["post-8854","page","type-page","status-publish","has-post-thumbnail","hentry"],"acf":[],"yoast_head":"<!-- This site is optimized with the Yoast SEO plugin v27.3 - https:\/\/yoast.com\/product\/yoast-seo-wordpress\/ -->\r\n<title>Kj\u00e6rgaard A\/S<\/title>\r\n<meta name=\"description\" content=\"RobBox - kasserejser -\" \/>\r\n<meta name=\"robots\" content=\"index, follow, max-snippet:-1, max-image-preview:large, max-video-preview:-1\" \/>\r\n<link rel=\"canonical\" href=\"https:\/\/www.kia.dk\/en\/rob-box\/\" \/>\r\n<meta property=\"og:locale\" content=\"en_US\" \/>\r\n<meta property=\"og:type\" content=\"article\" \/>\r\n<meta property=\"og:title\" content=\"Kj\u00e6rgaard A\/S\" \/>\r\n<meta property=\"og:description\" content=\"RobBox - kasserejser -\" \/>\r\n<meta property=\"og:url\" content=\"https:\/\/www.kia.dk\/en\/rob-box\/\" \/>\r\n<meta property=\"og:site_name\" content=\"Kj\u00e6rgaard A\/S\" \/>\r\n<meta property=\"article:publisher\" content=\"https:\/\/www.facebook.com\/KjaergaardAS\" \/>\r\n<meta property=\"article:modified_time\" content=\"2025-09-29T07:48:33+00:00\" \/>\r\n<meta property=\"og:image\" content=\"https:\/\/www.kia.dk\/wp-content\/uploads\/2024\/05\/RobPal-banner-1-1024x273.png\" \/>\r\n\t<meta property=\"og:image:width\" content=\"1024\" \/>\r\n\t<meta property=\"og:image:height\" content=\"273\" \/>\r\n\t<meta property=\"og:image:type\" content=\"image\/png\" \/>\r\n<meta name=\"twitter:card\" content=\"summary_large_image\" \/>\r\n<meta name=\"twitter:label1\" content=\"Est. reading time\" \/>\n\t<meta name=\"twitter:data1\" content=\"2 minutes\" \/>\r\n<script type=\"application\/ld+json\" class=\"yoast-schema-graph\">{\"@context\":\"https:\\\/\\\/schema.org\",\"@graph\":[{\"@type\":\"WebPage\",\"@id\":\"https:\\\/\\\/www.kia.dk\\\/en\\\/rob-box\\\/\",\"url\":\"https:\\\/\\\/www.kia.dk\\\/en\\\/rob-box\\\/\",\"name\":\"Kj\u00e6rgaard A\\\/S\",\"isPartOf\":{\"@id\":\"https:\\\/\\\/www.kia.dk\\\/en\\\/#website\"},\"primaryImageOfPage\":{\"@id\":\"https:\\\/\\\/www.kia.dk\\\/en\\\/rob-box\\\/#primaryimage\"},\"image\":{\"@id\":\"https:\\\/\\\/www.kia.dk\\\/en\\\/rob-box\\\/#primaryimage\"},\"thumbnailUrl\":\"https:\\\/\\\/www.kia.dk\\\/wp-content\\\/uploads\\\/2024\\\/05\\\/RobPal-banner-1.png\",\"datePublished\":\"2024-01-22T14:26:43+00:00\",\"dateModified\":\"2025-09-29T07:48:33+00:00\",\"description\":\"RobBox - kasserejser -\",\"breadcrumb\":{\"@id\":\"https:\\\/\\\/www.kia.dk\\\/en\\\/rob-box\\\/#breadcrumb\"},\"inLanguage\":\"en-US\",\"potentialAction\":[{\"@type\":\"ReadAction\",\"target\":[\"https:\\\/\\\/www.kia.dk\\\/en\\\/rob-box\\\/\"]}]},{\"@type\":\"ImageObject\",\"inLanguage\":\"en-US\",\"@id\":\"https:\\\/\\\/www.kia.dk\\\/en\\\/rob-box\\\/#primaryimage\",\"url\":\"https:\\\/\\\/www.kia.dk\\\/wp-content\\\/uploads\\\/2024\\\/05\\\/RobPal-banner-1.png\",\"contentUrl\":\"https:\\\/\\\/www.kia.dk\\\/wp-content\\\/uploads\\\/2024\\\/05\\\/RobPal-banner-1.png\",\"width\":4429,\"height\":1181},{\"@type\":\"BreadcrumbList\",\"@id\":\"https:\\\/\\\/www.kia.dk\\\/en\\\/rob-box\\\/#breadcrumb\",\"itemListElement\":[{\"@type\":\"ListItem\",\"position\":1,\"name\":\"Hjem\",\"item\":\"https:\\\/\\\/www.kia.dk\\\/en\\\/\"},{\"@type\":\"ListItem\",\"position\":2,\"name\":\"RobBox &#8211; kasserejser\"}]},{\"@type\":\"WebSite\",\"@id\":\"https:\\\/\\\/www.kia.dk\\\/en\\\/#website\",\"url\":\"https:\\\/\\\/www.kia.dk\\\/en\\\/\",\"name\":\"Kj\u00e6rgaard A\\\/S\",\"description\":\"\u2022 industriens innovative partner\",\"publisher\":{\"@id\":\"https:\\\/\\\/www.kia.dk\\\/en\\\/#organization\"},\"potentialAction\":[{\"@type\":\"SearchAction\",\"target\":{\"@type\":\"EntryPoint\",\"urlTemplate\":\"https:\\\/\\\/www.kia.dk\\\/en\\\/?s={search_term_string}\"},\"query-input\":{\"@type\":\"PropertyValueSpecification\",\"valueRequired\":true,\"valueName\":\"search_term_string\"}}],\"inLanguage\":\"en-US\"},{\"@type\":\"Organization\",\"@id\":\"https:\\\/\\\/www.kia.dk\\\/en\\\/#organization\",\"name\":\"Kj\u00e6rgaard A\\\/S\",\"url\":\"https:\\\/\\\/www.kia.dk\\\/en\\\/\",\"logo\":{\"@type\":\"ImageObject\",\"inLanguage\":\"en-US\",\"@id\":\"https:\\\/\\\/www.kia.dk\\\/en\\\/#\\\/schema\\\/logo\\\/image\\\/\",\"url\":\"https:\\\/\\\/www.kia.dk\\\/wp-content\\\/uploads\\\/2015\\\/10\\\/logo.png\",\"contentUrl\":\"https:\\\/\\\/www.kia.dk\\\/wp-content\\\/uploads\\\/2015\\\/10\\\/logo.png\",\"width\":204,\"height\":37,\"caption\":\"Kj\u00e6rgaard A\\\/S\"},\"image\":{\"@id\":\"https:\\\/\\\/www.kia.dk\\\/en\\\/#\\\/schema\\\/logo\\\/image\\\/\"},\"sameAs\":[\"https:\\\/\\\/www.facebook.com\\\/KjaergaardAS\",\"https:\\\/\\\/www.linkedin.com\\\/company\\\/kj-rgaard-a-s\",\"https:\\\/\\\/www.youtube.com\\\/user\\\/kiawebvideo\"]}]}<\/script>\r\n<!-- \/ Yoast SEO plugin. -->","yoast_head_json":{"title":"Kj\u00e6rgaard A\/S","description":"RobBox - kasserejser -","robots":{"index":"index","follow":"follow","max-snippet":"max-snippet:-1","max-image-preview":"max-image-preview:large","max-video-preview":"max-video-preview:-1"},"canonical":"https:\/\/www.kia.dk\/en\/rob-box\/","og_locale":"en_US","og_type":"article","og_title":"Kj\u00e6rgaard A\/S","og_description":"RobBox - kasserejser -","og_url":"https:\/\/www.kia.dk\/en\/rob-box\/","og_site_name":"Kj\u00e6rgaard A\/S","article_publisher":"https:\/\/www.facebook.com\/KjaergaardAS","article_modified_time":"2025-09-29T07:48:33+00:00","og_image":[{"width":1024,"height":273,"url":"https:\/\/www.kia.dk\/wp-content\/uploads\/2024\/05\/RobPal-banner-1-1024x273.png","type":"image\/png"}],"twitter_card":"summary_large_image","twitter_misc":{"Est. reading time":"2 minutes"},"schema":{"@context":"https:\/\/schema.org","@graph":[{"@type":"WebPage","@id":"https:\/\/www.kia.dk\/en\/rob-box\/","url":"https:\/\/www.kia.dk\/en\/rob-box\/","name":"Kj\u00e6rgaard A\/S","isPartOf":{"@id":"https:\/\/www.kia.dk\/en\/#website"},"primaryImageOfPage":{"@id":"https:\/\/www.kia.dk\/en\/rob-box\/#primaryimage"},"image":{"@id":"https:\/\/www.kia.dk\/en\/rob-box\/#primaryimage"},"thumbnailUrl":"https:\/\/www.kia.dk\/wp-content\/uploads\/2024\/05\/RobPal-banner-1.png","datePublished":"2024-01-22T14:26:43+00:00","dateModified":"2025-09-29T07:48:33+00:00","description":"RobBox - kasserejser -","breadcrumb":{"@id":"https:\/\/www.kia.dk\/en\/rob-box\/#breadcrumb"},"inLanguage":"en-US","potentialAction":[{"@type":"ReadAction","target":["https:\/\/www.kia.dk\/en\/rob-box\/"]}]},{"@type":"ImageObject","inLanguage":"en-US","@id":"https:\/\/www.kia.dk\/en\/rob-box\/#primaryimage","url":"https:\/\/www.kia.dk\/wp-content\/uploads\/2024\/05\/RobPal-banner-1.png","contentUrl":"https:\/\/www.kia.dk\/wp-content\/uploads\/2024\/05\/RobPal-banner-1.png","width":4429,"height":1181},{"@type":"BreadcrumbList","@id":"https:\/\/www.kia.dk\/en\/rob-box\/#breadcrumb","itemListElement":[{"@type":"ListItem","position":1,"name":"Hjem","item":"https:\/\/www.kia.dk\/en\/"},{"@type":"ListItem","position":2,"name":"RobBox &#8211; kasserejser"}]},{"@type":"WebSite","@id":"https:\/\/www.kia.dk\/en\/#website","url":"https:\/\/www.kia.dk\/en\/","name":"Kj\u00e6rgaard A\/S","description":"\u2022 industriens innovative partner","publisher":{"@id":"https:\/\/www.kia.dk\/en\/#organization"},"potentialAction":[{"@type":"SearchAction","target":{"@type":"EntryPoint","urlTemplate":"https:\/\/www.kia.dk\/en\/?s={search_term_string}"},"query-input":{"@type":"PropertyValueSpecification","valueRequired":true,"valueName":"search_term_string"}}],"inLanguage":"en-US"},{"@type":"Organization","@id":"https:\/\/www.kia.dk\/en\/#organization","name":"Kj\u00e6rgaard A\/S","url":"https:\/\/www.kia.dk\/en\/","logo":{"@type":"ImageObject","inLanguage":"en-US","@id":"https:\/\/www.kia.dk\/en\/#\/schema\/logo\/image\/","url":"https:\/\/www.kia.dk\/wp-content\/uploads\/2015\/10\/logo.png","contentUrl":"https:\/\/www.kia.dk\/wp-content\/uploads\/2015\/10\/logo.png","width":204,"height":37,"caption":"Kj\u00e6rgaard A\/S"},"image":{"@id":"https:\/\/www.kia.dk\/en\/#\/schema\/logo\/image\/"},"sameAs":["https:\/\/www.facebook.com\/KjaergaardAS","https:\/\/www.linkedin.com\/company\/kj-rgaard-a-s","https:\/\/www.youtube.com\/user\/kiawebvideo"]}]}},"_links":{"self":[{"href":"https:\/\/www.kia.dk\/en\/wp-json\/wp\/v2\/pages\/8854","targetHints":{"allow":["GET"]}}],"collection":[{"href":"https:\/\/www.kia.dk\/en\/wp-json\/wp\/v2\/pages"}],"about":[{"href":"https:\/\/www.kia.dk\/en\/wp-json\/wp\/v2\/types\/page"}],"author":[{"embeddable":true,"href":"https:\/\/www.kia.dk\/en\/wp-json\/wp\/v2\/users\/7"}],"replies":[{"embeddable":true,"href":"https:\/\/www.kia.dk\/en\/wp-json\/wp\/v2\/comments?post=8854"}],"version-history":[{"count":15,"href":"https:\/\/www.kia.dk\/en\/wp-json\/wp\/v2\/pages\/8854\/revisions"}],"predecessor-version":[{"id":9783,"href":"https:\/\/www.kia.dk\/en\/wp-json\/wp\/v2\/pages\/8854\/revisions\/9783"}],"wp:featuredmedia":[{"embeddable":true,"href":"https:\/\/www.kia.dk\/en\/wp-json\/wp\/v2\/media\/9112"}],"wp:attachment":[{"href":"https:\/\/www.kia.dk\/en\/wp-json\/wp\/v2\/media?parent=8854"}],"curies":[{"name":"wp","href":"https:\/\/api.w.org\/{rel}","templated":true}]}}